{"id":13,"date":"2025-05-02T20:31:53","date_gmt":"2025-05-02T17:31:53","guid":{"rendered":"https:\/\/www.mersintemizlik.com.tr\/?page_id=13"},"modified":"2026-04-18T16:13:42","modified_gmt":"2026-04-18T13:13:42","slug":"mersin-temizlik-sirketleri","status":"publish","type":"page","link":"https:\/\/www.mersintemizlik.com.tr\/","title":{"rendered":"Mersin Temizlik \u015eirketleri"},"content":{"rendered":"\t\t<div data-elementor-type=\"wp-page\" data-elementor-id=\"13\" class=\"elementor elementor-13\">\n\t\t\t\t<div class=\"elementor-element elementor-element-b2c518f e-flex e-con-boxed e-con e-parent\" data-id=\"b2c518f\" data-element_type=\"container\" data-e-type=\"container\" data-settings=\"{&quot;background_background&quot;:&quot;slideshow&quot;,&quot;background_slideshow_gallery&quot;:[{&quot;id&quot;:36,&quot;url&quot;:&quot;https:\\\/\\\/www.mersintemizlik.com.tr\\\/wp-content\\\/uploads\\\/2025\\\/05\\\/3cfcf368-0fb3-4137-ab17-b9b0759bece7.jpg&quot;},{&quot;id&quot;:38,&quot;url&quot;:&quot;https:\\\/\\\/www.mersintemizlik.com.tr\\\/wp-content\\\/uploads\\\/2025\\\/05\\\/IMG_1252.jpg&quot;},{&quot;id&quot;:39,&quot;url&quot;:&quot;https:\\\/\\\/www.mersintemizlik.com.tr\\\/wp-content\\\/uploads\\\/2025\\\/05\\\/IMG_0794-scaled.jpg&quot;}],&quot;background_slideshow_ken_burns&quot;:&quot;yes&quot;,&quot;background_slideshow_loop&quot;:&quot;yes&quot;,&quot;background_slideshow_slide_duration&quot;:5000,&quot;background_slideshow_slide_transition&quot;:&quot;fade&quot;,&quot;background_slideshow_transition_duration&quot;:500,&quot;background_slideshow_ken_burns_zoom_direction&quot;:&quot;in&quot;}\">\n\t\t\t\t\t<div class=\"e-con-inner\">\n\t\t\t\t<div class=\"elementor-element elementor-element-e228525 elementor-invisible elementor-widget elementor-widget-sina_banner_slider\" data-id=\"e228525\" data-element_type=\"widget\" data-e-type=\"widget\" data-settings=\"{&quot;_animation&quot;:&quot;fadeIn&quot;}\" data-widget_type=\"sina_banner_slider.default\">\n\t\t\t\t<div class=\"elementor-widget-container\">\n\t\t\t\t\t\t\t<div class=\"sina-banner-slider owl-carousel\"\r\n\t\tdata-autoplay=\"yes\"\r\n\t\tdata-pause=\"yes\"\r\n\t\tdata-nav=\"yes\"\r\n\t\tdata-dots=\"yes\"\r\n\t\tdata-mouse-drag=\"yes\"\r\n\t\tdata-touch-drag=\"yes\"\r\n\t\tdata-loop=\"yes\"\r\n\t\tdata-speed=\"\"\r\n\t\tdata-part-anim=\"yes\"\r\n\t\tdata-delay=\"5000\">\r\n\r\n\t\t\t\t\t\t\t<div class=\"sina-slider-content sina-bg-cover\" style=\"background-image: url();\">\r\n\t\t\t\t\t\t\t\t\t\t\t<div class=\"sina-overlay\"><\/div>\r\n\t\t\t\t\t\r\n\t\t\t\t\t<div class=\"sina-banner-container elementor-repeater-item-2a19db1\">\r\n\r\n\t\t\t\t\t\t\t\t\t\t\t\t\t\t\t\t\t\t\t\t<h1 class=\"sina-banner-title sina-anim-invisible\" data-animation=\"animated fadeInLeft\">Temizlik Yapmaktan Yoruldunuzmu<\/h1>\t\t\t\t\t\t\r\n\t\t\t\t\t\t\t\t\t\t\t\t\t<h2 class=\"sina-banner-subtitle sina-anim-invisible\" data-animation=\"animated fadeInRight\">Mersin de Do\u011fru Adres<\/h2>\t\t\t\t\t\t\r\n\t\t\t\t\t\t\t\t\t\t\t\t\t<div class=\"sina-banner-desc sina-anim-invisible\" data-animation=\"animated fadeInUp\">Profosyonel Hizmet<\/div>\t\t\t\t\t\t\r\n\t\t\t\t\t\t\t\t\t\t\t<\/div>\r\n\t\t\t\t<\/div>\r\n\t\t\t\t\t<\/div><!-- .sina-banner-slider -->\r\n\t\t\t\t\t\t<\/div>\n\t\t\t\t<\/div>\n\t\t\t\t\t<\/div>\n\t\t\t\t<\/div>\n\t\t<div class=\"elementor-element elementor-element-9ba7b11 e-flex e-con-boxed e-con e-parent\" data-id=\"9ba7b11\" data-element_type=\"container\" data-e-type=\"container\" data-settings=\"{&quot;background_background&quot;:&quot;classic&quot;}\">\n\t\t\t\t\t<div class=\"e-con-inner\">\n\t\t<div class=\"elementor-element elementor-element-c8dcd9a e-con-full e-flex e-con e-child\" data-id=\"c8dcd9a\" data-element_type=\"container\" data-e-type=\"container\">\n\t\t\t\t<div class=\"elementor-element elementor-element-241dd51 elementor-widget elementor-widget-image-box\" data-id=\"241dd51\" data-element_type=\"widget\" data-e-type=\"widget\" data-widget_type=\"image-box.default\">\n\t\t\t\t<div class=\"elementor-widget-container\">\n\t\t\t\t\t<div class=\"elementor-image-box-wrapper\"><div class=\"elementor-image-box-content\"><h1 class=\"elementor-image-box-title\">Mersin Ev Temizli\u011fi<\/h1><p class=\"elementor-image-box-description\">Daire Ev Genel Temizli\u011fi Tecr\u00fcbe \u00c7ok \u00d6nemlidir Bubun \u0130\u00e7in Denyimizden Sizlerde Faydalanabilirsiniz  <\/p><\/div><\/div>\t\t\t\t<\/div>\n\t\t\t\t<\/div>\n\t\t\t\t<\/div>\n\t\t<div class=\"elementor-element elementor-element-2f6dd4c e-con-full e-flex e-con e-child\" data-id=\"2f6dd4c\" data-element_type=\"container\" data-e-type=\"container\">\n\t\t\t\t<div class=\"elementor-element elementor-element-4b86cda elementor-widget elementor-widget-image-box\" data-id=\"4b86cda\" data-element_type=\"widget\" data-e-type=\"widget\" data-widget_type=\"image-box.default\">\n\t\t\t\t<div class=\"elementor-widget-container\">\n\t\t\t\t\t<div class=\"elementor-image-box-wrapper\"><div class=\"elementor-image-box-content\"><h1 class=\"elementor-image-box-title\">Ofis ve Buro <\/h1><p class=\"elementor-image-box-description\">G\u00fcnl\u00fck Haftal\u0131k Ayl\u0131k Hizmeti Vermekteyiz G\u00fcvenin Tek Adresi Olan \u015eirketimiz Uzmanl\u0131\u011f\u0131n\u0131 Sizde Ke\u015fif Edin<\/p><\/div><\/div>\t\t\t\t<\/div>\n\t\t\t\t<\/div>\n\t\t\t\t<\/div>\n\t\t<div class=\"elementor-element elementor-element-49c5b21 e-con-full e-flex e-con e-child\" data-id=\"49c5b21\" data-element_type=\"container\" data-e-type=\"container\">\n\t\t\t\t<div class=\"elementor-element elementor-element-f83222d elementor-widget elementor-widget-image-box\" data-id=\"f83222d\" data-element_type=\"widget\" data-e-type=\"widget\" data-widget_type=\"image-box.default\">\n\t\t\t\t<div class=\"elementor-widget-container\">\n\t\t\t\t\t<div class=\"elementor-image-box-wrapper\"><div class=\"elementor-image-box-content\"><h1 class=\"elementor-image-box-title\"><a href=\"https:\/\/www.mersintemizlik.com.tr\">Villa<\/a><\/h1><p class=\"elementor-image-box-description\">Firmam\u0131zda M\u00fckemel Ekipmanlar\u0131yla S\u0131n\u0131r Tan\u0131m\u0131yan En Kaliteli Hijyenik Ortam Sunmaktad\u0131r<\/p><\/div><\/div>\t\t\t\t<\/div>\n\t\t\t\t<\/div>\n\t\t\t\t<\/div>\n\t\t\t\t\t<\/div>\n\t\t\t\t<\/div>\n\t\t<div class=\"elementor-element elementor-element-63555e3 e-flex e-con-boxed e-con e-parent\" data-id=\"63555e3\" data-element_type=\"container\" data-e-type=\"container\" data-settings=\"{&quot;background_background&quot;:&quot;classic&quot;}\">\n\t\t\t\t\t<div class=\"e-con-inner\">\n\t\t<div class=\"elementor-element elementor-element-9a474d2 e-con-full e-flex e-con e-child\" data-id=\"9a474d2\" data-element_type=\"container\" data-e-type=\"container\">\n\t\t\t\t<div class=\"elementor-element elementor-element-c71aa47 elementor-widget elementor-widget-image-box\" data-id=\"c71aa47\" data-element_type=\"widget\" data-e-type=\"widget\" data-widget_type=\"image-box.default\">\n\t\t\t\t<div class=\"elementor-widget-container\">\n\t\t\t\t\t<div class=\"elementor-image-box-wrapper\"><div class=\"elementor-image-box-content\"><h1 class=\"elementor-image-box-title\"><a href=\"https:\/\/www.mersintemizlik.com.tr\/?page_id=329\" zemin=\"\">Zemin Cilalama <\/a><\/h1><p class=\"elementor-image-box-description\">Metrekaresine G\u00f6re Deyi\u015fen Mermer Parlatma \u00dccretsiz Ke\u015fif Demo Hizmetiyle Belirliyoruz<\/p><\/div><\/div>\t\t\t\t<\/div>\n\t\t\t\t<\/div>\n\t\t\t\t<\/div>\n\t\t<div class=\"elementor-element elementor-element-67e2847 e-con-full e-flex e-con e-child\" data-id=\"67e2847\" data-element_type=\"container\" data-e-type=\"container\">\n\t\t\t\t<div class=\"elementor-element elementor-element-7ce433b elementor-widget elementor-widget-image-box\" data-id=\"7ce433b\" data-element_type=\"widget\" data-e-type=\"widget\" data-widget_type=\"image-box.default\">\n\t\t\t\t<div class=\"elementor-widget-container\">\n\t\t\t\t\t<div class=\"elementor-image-box-wrapper\"><div class=\"elementor-image-box-content\"><h1 class=\"elementor-image-box-title\">\u0130n\u015faat Sonras\u0131 Temizli\u011fi<\/h1><p class=\"elementor-image-box-description\">Sizde Profosyonel Ekibimizle \u00c7al\u0131\u015fmak \u0130sterseniz \u0130\u015f\u00e7ili\u011finde \u00d6d\u00fcn Vermeyen Rakipsiz Tek Lideriz<\/p><\/div><\/div>\t\t\t\t<\/div>\n\t\t\t\t<\/div>\n\t\t\t\t<\/div>\n\t\t<div class=\"elementor-element elementor-element-1a2ca80 e-con-full e-flex e-con e-child\" data-id=\"1a2ca80\" data-element_type=\"container\" data-e-type=\"container\">\n\t\t\t\t<div class=\"elementor-element elementor-element-5f381a7 elementor-widget elementor-widget-image-box\" data-id=\"5f381a7\" data-element_type=\"widget\" data-e-type=\"widget\" data-widget_type=\"image-box.default\">\n\t\t\t\t<div class=\"elementor-widget-container\">\n\t\t\t\t\t<div class=\"elementor-image-box-wrapper\"><div class=\"elementor-image-box-content\"><h1 class=\"elementor-image-box-title\"><a href=\"https:\/\/www.mersintemizlik.com.tr\/?page_id=318\">D\u0131\u015f Cephe ve Cam<\/a><\/h1><p class=\"elementor-image-box-description\">Farkl\u0131 Konumlarda En \u0130yi Hasas Kurumsal B\u00f6lgedeki En Kaliteli E\u015fsiz Uygun Fiyatland\u0131rma<\/p><\/div><\/div>\t\t\t\t<\/div>\n\t\t\t\t<\/div>\n\t\t\t\t<\/div>\n\t\t\t\t\t<\/div>\n\t\t\t\t<\/div>\n\t\t<div class=\"elementor-element elementor-element-e5aa7cb e-flex e-con-boxed e-con e-parent\" data-id=\"e5aa7cb\" data-element_type=\"container\" data-e-type=\"container\">\n\t\t\t\t\t<div class=\"e-con-inner\">\n\t\t\t\t<div class=\"elementor-element elementor-element-9d42c4b elementor-widget__width-initial elementor-widget elementor-widget-text-editor\" data-id=\"9d42c4b\" data-element_type=\"widget\" data-e-type=\"widget\" data-widget_type=\"text-editor.default\">\n\t\t\t\t<div class=\"elementor-widget-container\">\n\t\t\t\t\t\t\t\t\t<p>Mersin Temizlik \u015eirketleri Hizmet Konusun da Titizli\u011fini Daim Uygulay\u0131n \u015eirketimiz de Uzman Kadromuzla \u0130\u015fini Hep Daha \u0130yi Ger\u00e7ekle\u015ftirin Ve Deneyiminle Y\u00fckselen Mersin Temizlik \u0130\u015finde Y\u00fckselen M\u00fc\u015fterilerimize Kaliteli Ve H\u0131zl\u0131 Kusursuz\u00a0 \u00c7\u00f6z\u00fcm Sa\u011flamaktay\u0131z Amot\u00f6r Hizmet Sa\u011flayan Firmalarda Kac\u0131n\u0131n \u0130\u015fin de Profosyonel Temizlik \u015eirketlerini \u00c7al\u0131\u015fmay\u0131 Tavsiye Ederiz Bunun \u0130\u00e7in Firmam\u0131z Her Daima Yan\u0131zda\u00a0\u00a0<\/p>\t\t\t\t\t\t\t\t<\/div>\n\t\t\t\t<\/div>\n\t\t\t\t\t<\/div>\n\t\t\t\t<\/div>\n\t\t<div class=\"elementor-element elementor-element-3389ea9 e-flex e-con-boxed e-con e-parent\" data-id=\"3389ea9\" data-element_type=\"container\" data-e-type=\"container\">\n\t\t\t\t\t<div class=\"e-con-inner\">\n\t\t\t\t<div class=\"elementor-element elementor-element-820f8be elementor-widget__width-initial elementor-widget elementor-widget-image-box\" data-id=\"820f8be\" data-element_type=\"widget\" data-e-type=\"widget\" data-widget_type=\"image-box.default\">\n\t\t\t\t<div class=\"elementor-widget-container\">\n\t\t\t\t\t<div class=\"elementor-image-box-wrapper\"><div class=\"elementor-image-box-content\"><h1 class=\"elementor-image-box-title\">Yap\u0131lan Hizmeler<\/h1><p class=\"elementor-image-box-description\">Temizlik Hizmetlerinde idaal\u0131 ve ttitizlikle yapmaktay\u0131z Mersinde temizlik i\u015fini kaliteli ve d\u00fczg\u00fcn yapan firmalar aras\u0131nda y\u0131llar\u0131n\u0131 ve deneyimini vermi\u015f temizlik i\u015finde memnuniyet le yapan m\u00fc\u015fteriye g\u00fcler y\u00fczl\u00fc i\u015fini do\u011fru yapan hizmet vermekteyiz g\u00fc\u00e7l\u00fc ekip ve kaliteli ekipmanlar\u0131yla Mersin de t\u00fcm il\u00e7elerin de hizmet vermektedir tek yapman\u0131z gereken m\u00fc\u015fteri temsilcimizle ileti\u015fime gecmeniz 0532 427 92 26<\/p><\/div><\/div>\t\t\t\t<\/div>\n\t\t\t\t<\/div>\n\t\t\t\t<div class=\"elementor-element elementor-element-4f5b5b7 elementor-widget__width-initial elementor-widget elementor-widget-image-box\" data-id=\"4f5b5b7\" data-element_type=\"widget\" data-e-type=\"widget\" data-widget_type=\"image-box.default\">\n\t\t\t\t<div class=\"elementor-widget-container\">\n\t\t\t\t\t<div class=\"elementor-image-box-wrapper\"><div class=\"elementor-image-box-content\"><h1 class=\"elementor-image-box-title\">Mersin Temizlik<\/h1><p class=\"elementor-image-box-description\">Akdeniz Ve T\u00fcm \u0130l\u00e7elerine Temizlik Hizmeti Vermekteyiz E\u015fyal\u0131 veya Bo\u015f  Daire \u0130n\u015faat Sonras\u0131 Buro Ofis D\u0131\u015f Cephe ve Kompozito Cam Zemin Parlatma Cilalama Havuz Villa Tadilat Tamirat Dekarosyon Fabrika Okul Banka Depo Koltuk Battaniye Hal\u0131 Kilim Stor Perde Y\u0131kama Temizli\u011fi Profosyonel Ekip ve Ekipmanlar\u0131m\u0131zla Sizlere Kusursuz Hizmet Vermekteyiz Mersin Temizlik<\/p><\/div><\/div>\t\t\t\t<\/div>\n\t\t\t\t<\/div>\n\t\t\t\t<div class=\"elementor-element elementor-element-828e2ce elementor-widget__width-initial elementor-widget elementor-widget-image-box\" data-id=\"828e2ce\" data-element_type=\"widget\" data-e-type=\"widget\" data-widget_type=\"image-box.default\">\n\t\t\t\t<div class=\"elementor-widget-container\">\n\t\t\t\t\t<div class=\"elementor-image-box-wrapper\"><div class=\"elementor-image-box-content\"><h1 class=\"elementor-image-box-title\">Ev Temizli\u011fi<\/h1><p class=\"elementor-image-box-description\">Mersin Ev Temizlik \u015eirketleri Olarak Siz Deyerli M\u00fc\u015fterilerimize Profosyonel Bir \u015eekilde Hizmet Vermeye Devam Etmekteyiz Uzman Kadromuzla Son Teknoloji Ekipmanlar\u0131m\u0131zla Gururla Etkinli\u011fimizi Surd\u00fcrmekteyiz Taklitlerimizinden Kac\u0131n\u0131n Hizmete S\u0131n\u0131r Tan\u0131m\u0131yan Mersin Temizlik Sizlere Bir Telefon Yak\u0131nl\u0131\u011f\u0131nda  <\/p><\/div><\/div>\t\t\t\t<\/div>\n\t\t\t\t<\/div>\n\t\t\t\t\t<\/div>\n\t\t\t\t<\/div>\n\t\t<div class=\"elementor-element elementor-element-70663ea e-flex e-con-boxed e-con e-parent\" data-id=\"70663ea\" data-element_type=\"container\" data-e-type=\"container\">\n\t\t\t\t\t<div class=\"e-con-inner\">\n\t\t\t\t<div class=\"elementor-element elementor-element-23de61f elementor-widget elementor-widget-text-editor\" data-id=\"23de61f\" data-element_type=\"widget\" data-e-type=\"widget\" data-widget_type=\"text-editor.default\">\n\t\t\t\t<div class=\"elementor-widget-container\">\n\t\t\t\t\t\t\t\t\t<p>Mersin Temizlik Firmalar\u0131 \u00f6nceli\u011fimiz siz m\u00fc\u015fterilerimize daha kaliteli\u00a0 hizmetler vermektedir Ev Temizli\u011fi ofis buro villa d\u0131\u015f cephe zemin parlatma havuz banka depo yang\u0131n sonras\u0131 koltuk y\u0131kama t\u00fcm hizmet vermekteyiz tecr\u00fcbeli ekiplerimizle sizlerin her daim yan\u0131nday\u0131z akdeniz toroslar yeni\u015fehir mezitli davultepe tece \u00e7e\u015fmeli t\u00f6m\u00fck erdemli tarsus b\u00f6lgelerinde hizmet vermekteyiz yapman\u0131z gereken bizimle ileti\u015fime ge\u00e7meniz\u00a0\u00a0<\/p>\t\t\t\t\t\t\t\t<\/div>\n\t\t\t\t<\/div>\n\t\t\t\t\t<\/div>\n\t\t\t\t<\/div>\n\t\t<div class=\"elementor-element elementor-element-f57be9e e-flex e-con-boxed e-con e-parent\" data-id=\"f57be9e\" data-element_type=\"container\" data-e-type=\"container\">\n\t\t\t\t\t<div class=\"e-con-inner\">\n\t\t\t\t<div class=\"elementor-element elementor-element-2d4cb20 elementor-widget elementor-widget-text-editor\" data-id=\"2d4cb20\" data-element_type=\"widget\" data-e-type=\"widget\" data-widget_type=\"text-editor.default\">\n\t\t\t\t<div class=\"elementor-widget-container\">\n\t\t\t\t\t\t\t\t\t<p>Temizlik \u015eirketleri Olarak Daha H\u0131zl\u0131 ve G\u00fcvenini Koruyan T\u00fcm \u0130l\u00e7elerimize Profosyonel Hizmet Vermekteyiz Akdeniz Toroslar Yeni\u015fehir Mezitli Davultepe Tece \u00c7e\u015fmeli T\u00f6m\u00fck Erdemli Tarsus Faliyet Vermekte Olan Firmam\u0131z Sizlere Daha Kaliteli Duyarl\u0131 \u00c7\u00f6z\u00fcm Sunmaktay\u0131z\u00a0<\/p>\t\t\t\t\t\t\t\t<\/div>\n\t\t\t\t<\/div>\n\t\t\t\t\t<\/div>\n\t\t\t\t<\/div>\n\t\t\t\t<\/div>\n\t\t","protected":false},"excerpt":{"rendered":"<p>Temizlik Yapmaktan Yoruldunuzmu Mersin de Do\u011fru Adres Profosyonel Hizmet Mersin Ev Temizli\u011fi Daire Ev Genel Temizli\u011fi Tecr\u00fcbe \u00c7ok \u00d6nemlidir Bubun \u0130\u00e7in Denyimizden Sizlerde Faydalanabilirsiniz Ofis ve Buro G\u00fcnl\u00fck Haftal\u0131k Ayl\u0131k Hizmeti Vermekteyiz G\u00fcvenin Tek Adresi Olan \u015eirketimiz Uzmanl\u0131\u011f\u0131n\u0131 Sizde Ke\u015fif Edin Villa Firmam\u0131zda M\u00fckemel Ekipmanlar\u0131yla S\u0131n\u0131r Tan\u0131m\u0131yan En Kaliteli Hijyenik Ortam Sunmaktad\u0131r Zemin Cilalama Metrekaresine&#8230;<\/p>\n","protected":false},"author":1,"featured_media":0,"parent":0,"menu_order":0,"comment_status":"closed","ping_status":"closed","template":"","meta":{"_kad_post_transparent":"","_kad_post_title":"hide","_kad_post_layout":"fullwidth","_kad_post_sidebar_id":"","_kad_post_content_style":"unboxed","_kad_post_vertical_padding":"hide","_kad_post_feature":"hide","_kad_post_feature_position":"","_kad_post_header":false,"_kad_post_footer":false,"_kad_post_classname":"","footnotes":""},"class_list":["post-13","page","type-page","status-publish","hentry"],"yoast_head":"<!-- This site is optimized with the Yoast SEO plugin v27.5 - https:\/\/yoast.com\/product\/yoast-seo-wordpress\/ -->\n<title>Mersin Temizlik \u015eirketleri<\/title>\n<meta name=\"description\" content=\"Mersin Temizlik \u015eirketleri Ev Ofis Villa D\u0131\u015f Cephe Zemin Cilalama Koltuk Y\u0131kama \u0130n\u015faat Sonras\u0131 ve Hizmetleri\" \/>\n<meta name=\"robots\" content=\"index, follow, max-snippet:-1, max-image-preview:large, max-video-preview:-1\" \/>\n<link rel=\"canonical\" href=\"https:\/\/www.mersintemizlik.com.tr\/\" \/>\n<meta property=\"og:locale\" content=\"tr_TR\" \/>\n<meta property=\"og:type\" content=\"article\" \/>\n<meta property=\"og:title\" content=\"Mersin Temizlik \u015eirketleri\" \/>\n<meta property=\"og:description\" content=\"Mersin Temizlik \u015eirketleri Ev Ofis Villa D\u0131\u015f Cephe Zemin Cilalama Koltuk Y\u0131kama \u0130n\u015faat Sonras\u0131 ve Hizmetleri\" \/>\n<meta property=\"og:url\" content=\"https:\/\/www.mersintemizlik.com.tr\/\" \/>\n<meta property=\"og:site_name\" content=\"Mersin Temizlik \u015eirketleri\" \/>\n<meta property=\"article:publisher\" content=\"https:\/\/www.facebook.com\/MersinTemizlik\/?locale=tr_TR\" \/>\n<meta property=\"article:modified_time\" content=\"2026-04-18T13:13:42+00:00\" \/>\n<meta property=\"og:image\" content=\"https:\/\/www.mersintemizlik.com.tr\/wp-content\/uploads\/2025\/05\/IMG_2270.png\" \/>\n\t<meta property=\"og:image:width\" content=\"750\" \/>\n\t<meta property=\"og:image:height\" content=\"1624\" \/>\n\t<meta property=\"og:image:type\" content=\"image\/png\" \/>\n<meta name=\"twitter:card\" content=\"summary_large_image\" \/>\n<meta name=\"twitter:label1\" content=\"Tahmini okuma s\u00fcresi\" \/>\n\t<meta name=\"twitter:data1\" content=\"3 dakika\" \/>\n<script type=\"application\/ld+json\" class=\"yoast-schema-graph\">{\"@context\":\"https:\\\/\\\/schema.org\",\"@graph\":[{\"@type\":\"WebPage\",\"@id\":\"https:\\\/\\\/www.mersintemizlik.com.tr\\\/\",\"url\":\"https:\\\/\\\/www.mersintemizlik.com.tr\\\/\",\"name\":\"Mersin Temizlik \u015eirketleri\",\"isPartOf\":{\"@id\":\"https:\\\/\\\/www.mersintemizlik.com.tr\\\/#website\"},\"datePublished\":\"2025-05-02T17:31:53+00:00\",\"dateModified\":\"2026-04-18T13:13:42+00:00\",\"description\":\"Mersin Temizlik \u015eirketleri Ev Ofis Villa D\u0131\u015f Cephe Zemin Cilalama Koltuk Y\u0131kama \u0130n\u015faat Sonras\u0131 ve Hizmetleri\",\"breadcrumb\":{\"@id\":\"https:\\\/\\\/www.mersintemizlik.com.tr\\\/#breadcrumb\"},\"inLanguage\":\"tr\",\"potentialAction\":[{\"@type\":\"ReadAction\",\"target\":[\"https:\\\/\\\/www.mersintemizlik.com.tr\\\/\"]}]},{\"@type\":\"BreadcrumbList\",\"@id\":\"https:\\\/\\\/www.mersintemizlik.com.tr\\\/#breadcrumb\",\"itemListElement\":[{\"@type\":\"ListItem\",\"position\":1,\"name\":\"Anasayfa\",\"item\":\"https:\\\/\\\/www.mersintemizlik.com.tr\\\/\"},{\"@type\":\"ListItem\",\"position\":2,\"name\":\"Mersin Temizlik \u015eirketleri\"}]},{\"@type\":\"WebSite\",\"@id\":\"https:\\\/\\\/www.mersintemizlik.com.tr\\\/#website\",\"url\":\"https:\\\/\\\/www.mersintemizlik.com.tr\\\/\",\"name\":\"Mersin Temizlik \u015eirketleri\",\"description\":\"Mersin Temizlik \u015eirketleri temizlik Uygun Fiyat Kaliteli Hizmet 0532 427 92 26\",\"publisher\":{\"@id\":\"https:\\\/\\\/www.mersintemizlik.com.tr\\\/#organization\"},\"potentialAction\":[{\"@type\":\"SearchAction\",\"target\":{\"@type\":\"EntryPoint\",\"urlTemplate\":\"https:\\\/\\\/www.mersintemizlik.com.tr\\\/?s={search_term_string}\"},\"query-input\":{\"@type\":\"PropertyValueSpecification\",\"valueRequired\":true,\"valueName\":\"search_term_string\"}}],\"inLanguage\":\"tr\"},{\"@type\":\"Organization\",\"@id\":\"https:\\\/\\\/www.mersintemizlik.com.tr\\\/#organization\",\"name\":\"Mersin Temizlik \u015eirketleri\",\"url\":\"https:\\\/\\\/www.mersintemizlik.com.tr\\\/\",\"logo\":{\"@type\":\"ImageObject\",\"inLanguage\":\"tr\",\"@id\":\"https:\\\/\\\/www.mersintemizlik.com.tr\\\/#\\\/schema\\\/logo\\\/image\\\/\",\"url\":\"https:\\\/\\\/www.mersintemizlik.com.tr\\\/wp-content\\\/uploads\\\/2025\\\/05\\\/cropped-IMG_2270.png\",\"contentUrl\":\"https:\\\/\\\/www.mersintemizlik.com.tr\\\/wp-content\\\/uploads\\\/2025\\\/05\\\/cropped-IMG_2270.png\",\"width\":749,\"height\":419,\"caption\":\"Mersin Temizlik \u015eirketleri\"},\"image\":{\"@id\":\"https:\\\/\\\/www.mersintemizlik.com.tr\\\/#\\\/schema\\\/logo\\\/image\\\/\"},\"sameAs\":[\"https:\\\/\\\/www.facebook.com\\\/MersinTemizlik\\\/?locale=tr_TR\"]}]}<\/script>\n<!-- \/ Yoast SEO plugin. -->","yoast_head_json":{"title":"Mersin Temizlik \u015eirketleri","description":"Mersin Temizlik \u015eirketleri Ev Ofis Villa D\u0131\u015f Cephe Zemin Cilalama Koltuk Y\u0131kama \u0130n\u015faat Sonras\u0131 ve Hizmetleri","robots":{"index":"index","follow":"follow","max-snippet":"max-snippet:-1","max-image-preview":"max-image-preview:large","max-video-preview":"max-video-preview:-1"},"canonical":"https:\/\/www.mersintemizlik.com.tr\/","og_locale":"tr_TR","og_type":"article","og_title":"Mersin Temizlik \u015eirketleri","og_description":"Mersin Temizlik \u015eirketleri Ev Ofis Villa D\u0131\u015f Cephe Zemin Cilalama Koltuk Y\u0131kama \u0130n\u015faat Sonras\u0131 ve Hizmetleri","og_url":"https:\/\/www.mersintemizlik.com.tr\/","og_site_name":"Mersin Temizlik \u015eirketleri","article_publisher":"https:\/\/www.facebook.com\/MersinTemizlik\/?locale=tr_TR","article_modified_time":"2026-04-18T13:13:42+00:00","og_image":[{"width":750,"height":1624,"url":"https:\/\/www.mersintemizlik.com.tr\/wp-content\/uploads\/2025\/05\/IMG_2270.png","type":"image\/png"}],"twitter_card":"summary_large_image","twitter_misc":{"Tahmini okuma s\u00fcresi":"3 dakika"},"schema":{"@context":"https:\/\/schema.org","@graph":[{"@type":"WebPage","@id":"https:\/\/www.mersintemizlik.com.tr\/","url":"https:\/\/www.mersintemizlik.com.tr\/","name":"Mersin Temizlik \u015eirketleri","isPartOf":{"@id":"https:\/\/www.mersintemizlik.com.tr\/#website"},"datePublished":"2025-05-02T17:31:53+00:00","dateModified":"2026-04-18T13:13:42+00:00","description":"Mersin Temizlik \u015eirketleri Ev Ofis Villa D\u0131\u015f Cephe Zemin Cilalama Koltuk Y\u0131kama \u0130n\u015faat Sonras\u0131 ve Hizmetleri","breadcrumb":{"@id":"https:\/\/www.mersintemizlik.com.tr\/#breadcrumb"},"inLanguage":"tr","potentialAction":[{"@type":"ReadAction","target":["https:\/\/www.mersintemizlik.com.tr\/"]}]},{"@type":"BreadcrumbList","@id":"https:\/\/www.mersintemizlik.com.tr\/#breadcrumb","itemListElement":[{"@type":"ListItem","position":1,"name":"Anasayfa","item":"https:\/\/www.mersintemizlik.com.tr\/"},{"@type":"ListItem","position":2,"name":"Mersin Temizlik \u015eirketleri"}]},{"@type":"WebSite","@id":"https:\/\/www.mersintemizlik.com.tr\/#website","url":"https:\/\/www.mersintemizlik.com.tr\/","name":"Mersin Temizlik \u015eirketleri","description":"Mersin Temizlik \u015eirketleri temizlik Uygun Fiyat Kaliteli Hizmet 0532 427 92 26","publisher":{"@id":"https:\/\/www.mersintemizlik.com.tr\/#organization"},"potentialAction":[{"@type":"SearchAction","target":{"@type":"EntryPoint","urlTemplate":"https:\/\/www.mersintemizlik.com.tr\/?s={search_term_string}"},"query-input":{"@type":"PropertyValueSpecification","valueRequired":true,"valueName":"search_term_string"}}],"inLanguage":"tr"},{"@type":"Organization","@id":"https:\/\/www.mersintemizlik.com.tr\/#organization","name":"Mersin Temizlik \u015eirketleri","url":"https:\/\/www.mersintemizlik.com.tr\/","logo":{"@type":"ImageObject","inLanguage":"tr","@id":"https:\/\/www.mersintemizlik.com.tr\/#\/schema\/logo\/image\/","url":"https:\/\/www.mersintemizlik.com.tr\/wp-content\/uploads\/2025\/05\/cropped-IMG_2270.png","contentUrl":"https:\/\/www.mersintemizlik.com.tr\/wp-content\/uploads\/2025\/05\/cropped-IMG_2270.png","width":749,"height":419,"caption":"Mersin Temizlik \u015eirketleri"},"image":{"@id":"https:\/\/www.mersintemizlik.com.tr\/#\/schema\/logo\/image\/"},"sameAs":["https:\/\/www.facebook.com\/MersinTemizlik\/?locale=tr_TR"]}]}},"_links":{"self":[{"href":"https:\/\/www.mersintemizlik.com.tr\/index.php?rest_route=\/wp\/v2\/pages\/13","targetHints":{"allow":["GET"]}}],"collection":[{"href":"https:\/\/www.mersintemizlik.com.tr\/index.php?rest_route=\/wp\/v2\/pages"}],"about":[{"href":"https:\/\/www.mersintemizlik.com.tr\/index.php?rest_route=\/wp\/v2\/types\/page"}],"author":[{"embeddable":true,"href":"https:\/\/www.mersintemizlik.com.tr\/index.php?rest_route=\/wp\/v2\/users\/1"}],"replies":[{"embeddable":true,"href":"https:\/\/www.mersintemizlik.com.tr\/index.php?rest_route=%2Fwp%2Fv2%2Fcomments&post=13"}],"version-history":[{"count":232,"href":"https:\/\/www.mersintemizlik.com.tr\/index.php?rest_route=\/wp\/v2\/pages\/13\/revisions"}],"predecessor-version":[{"id":526,"href":"https:\/\/www.mersintemizlik.com.tr\/index.php?rest_route=\/wp\/v2\/pages\/13\/revisions\/526"}],"wp:attachment":[{"href":"https:\/\/www.mersintemizlik.com.tr\/index.php?rest_route=%2Fwp%2Fv2%2Fmedia&parent=13"}],"curies":[{"name":"wp","href":"https:\/\/api.w.org\/{rel}","templated":true}]}}