{"id":191,"date":"2025-05-09T20:15:30","date_gmt":"2025-05-09T17:15:30","guid":{"rendered":"https:\/\/www.mersintemizlik.com.tr\/?page_id=191"},"modified":"2026-03-21T12:27:07","modified_gmt":"2026-03-21T09:27:07","slug":"mersin-insaat-sonrasi-temizligi","status":"publish","type":"page","link":"https:\/\/www.mersintemizlik.com.tr\/?page_id=191","title":{"rendered":"Mersin  in\u015faat Sonras\u0131 Temizli\u011fi"},"content":{"rendered":"\n<p>\u0130n\u015faat Sonras\u0131 Temizlik hasas ve dikkat isteyen temizlik i\u015fidir uzmanl\u0131k i\u015fidir bunun i\u00e7inde Mersin Temizlik deneyimli personeli ile hizmet vermekteyiz. <\/p>\n\n\n\n<p>Temizlikte yap\u0131lmas\u0131 gereken i\u015fler \u00f6nceleikle bizleri araman\u0131z ve \u00fccrezsiz ke\u015fif sonras\u0131 metrekare usulu ilgiliye do\u011fru fiyatland\u0131rma yapmaktay\u0131z. <\/p>\n\n\n\n<p>Yap\u0131lan Temizli\u011fi \u00f6nceleik le cam temizli\u011fi yap\u0131lmaktad\u0131d\u0131r gerek katlan\u0131r balkon cam var sa frans\u0131z cam tabi sinekliklerden ba\u015flanarak temizlemeye ba\u015flamaktay\u0131z pervaz \u00fcstleri pervaz ici g\u00fc\u00e7l\u00fc vakumla \u00e7ekilmektedir camlarda etiketler mutlaka kaz\u0131nmal\u0131 yap\u0131\u015fkan bantlar temizlenmeli bazen ac\u0131l\u0131r pencere bazen de s\u00fcrg\u00fcl\u00fc tipleri oluyor bunun i\u00e7in de Mersin Temizlik deneyimi ve tecr\u00fcbesiyle \u00f6zel ekipman lar\u0131yla temizlik hizmeti vermekteyiz.<\/p>\n\n\n\n<p>Mutfak dolaplar\u0131 in\u015faat sonras\u0131 temizli\u011fin de \u00e7ok dikkat isteyen ve tecr\u00fcbeli ekip le yapmaktay\u0131z \u00e7ekmeceler tek tek yerinden \u00e7\u0131kar\u0131l\u0131p altlar\u0131 temizlenmeli dolap alt\u0131ndaki pervaz\u0131 mutlaka s\u00f6k\u00fclmesi gerekiyor in\u015faat sonras\u0131 temizlikte nerdeyse b\u00fct\u00fcn tozlar altlarda birikiyor iyi ekipmala temizlenmekteyiz dolap \u00fcstleri tezgahlarda boyama derz lekeleri oluyor bunlar temizlenmeli hasas kulp lu olan dolap temizli\u011fin de kimyasal kesinlikle kulan\u0131lmaz bunun i\u00e7inde end\u00fcst\u00fcriyel malzeme mutlak gerekmektedir dolap temizli\u011fin de tozlar \u00e7ok oldu\u011fundan vakkum yard\u0131m\u0131yla \u00e7ekilerek daha temiz ve \u015f\u0131k olmaktad\u0131r.<\/p>\n\n\n\n<p>Banyo Temizli\u011fi in\u015faat sonras\u0131 temizli\u011fin de en \u00f6nemli olan banyolar\u0131 mutlaka dezanfekte olmas\u0131 gerekiyor fayanslardaki derz tozlar\u0131n\u0131 \u00f6zel yap\u0131m end\u00fcstiriyel Temizlik maddesi kulanmaktay\u0131z du\u015fa kabin bazen caml\u0131 ve plastik oluyor incelenerek detayl\u0131 temizliyoruz banyo dolap i\u00e7i d\u0131\u015f\u0131 silinerek temizli\u011fini yapmaktay\u0131z<\/p>\n\n\n\n<p>Balkon Temizli\u011fi daire ye g\u00f6re deyi\u015fim yapan fayans granit mermer deyi\u015fmektedir balkon korkuluklar\u0131 mermerleri boya kal\u0131nt\u0131s\u0131 oluyor in\u015faat sonras\u0131 temizli\u011finde <\/p>\n\n\n\n<p>Vesiyer Temizli\u011fi daire ve ofislerde genel de kap\u0131n\u0131n giri\u015finde bulununan raflar\u0131 b\u00f6lmeleri fort manto temizli\u011fini olmal\u0131d\u0131r<\/p>\n\n\n\n<p>Zemin Temizli\u011fi in\u015faat sonras\u0131 temizli\u011finde parke temizli\u011fi zarif olmas\u0131 gereken i\u015flemdir her t\u00fcrl\u00fc kirlenmektedir bunun i\u00e7inde Temizlik \u015eirketleri Mersin olarak form\u00fcl\u00fc temizlemekteyiz \u0131slak zeminlerde boya kal\u0131nt\u0131lar\u0131n\u0131 temizliyerek daha canl\u0131 oluyor mermer temizli\u011fnde tecr\u00fcbe ve deneyimle temizli\u011fi yapmaktay\u0131z. <\/p>\n\n\n\n<p>Kap\u0131 Temizli\u011fi dairelerde oda b\u00f6lmeleri olan kap\u0131lar temiz ve saf su ile d\u0131\u015f kap\u0131 temizli\u011fi in\u015faat sonras\u0131nda pervaz \u00fcstleri mutlaka temizlenmeli<\/p>\n\n\n\n<figure class=\"wp-block-gallery has-nested-images columns-default is-cropped wp-block-gallery-1 is-layout-flex wp-block-gallery-is-layout-flex\"><\/figure>\n","protected":false},"excerpt":{"rendered":"<p>\u0130n\u015faat Sonras\u0131 Temizlik hasas ve dikkat isteyen temizlik i\u015fidir uzmanl\u0131k i\u015fidir bunun i\u00e7inde Mersin Temizlik deneyimli personeli ile hizmet vermekteyiz. Temizlikte yap\u0131lmas\u0131 gereken i\u015fler \u00f6nceleikle bizleri araman\u0131z ve \u00fccrezsiz ke\u015fif sonras\u0131 metrekare usulu ilgiliye do\u011fru fiyatland\u0131rma yapmaktay\u0131z. Yap\u0131lan Temizli\u011fi \u00f6nceleik le cam temizli\u011fi yap\u0131lmaktad\u0131d\u0131r gerek katlan\u0131r balkon cam var sa frans\u0131z cam tabi sinekliklerden ba\u015flanarak&#8230;<\/p>\n","protected":false},"author":1,"featured_media":0,"parent":0,"menu_order":0,"comment_status":"closed","ping_status":"closed","template":"","meta":{"_kad_post_transparent":"","_kad_post_title":"","_kad_post_layout":"","_kad_post_sidebar_id":"","_kad_post_content_style":"","_kad_post_vertical_padding":"","_kad_post_feature":"","_kad_post_feature_position":"","_kad_post_header":false,"_kad_post_footer":false,"_kad_post_classname":"","footnotes":""},"class_list":["post-191","page","type-page","status-publish","hentry"],"yoast_head":"<!-- This site is optimized with the Yoast SEO plugin v27.5 - https:\/\/yoast.com\/product\/yoast-seo-wordpress\/ -->\n<title>Mersin in\u015faat Sonras\u0131 Temizli\u011fi - Mersin Temizlik \u015eirketleri<\/title>\n<meta name=\"description\" content=\"Mersin in\u015faat sonras\u0131 her t\u00fcrl\u00fc daire ofis buro villa tadilat sonras\u0131 havuz mustakil ev zemin cilalama temizli\u011fi\" \/>\n<meta name=\"robots\" content=\"index, follow, max-snippet:-1, max-image-preview:large, max-video-preview:-1\" \/>\n<link rel=\"canonical\" href=\"https:\/\/www.mersintemizlik.com.tr\/?page_id=191\" \/>\n<meta property=\"og:locale\" content=\"tr_TR\" \/>\n<meta property=\"og:type\" content=\"article\" \/>\n<meta property=\"og:title\" content=\"Mersin in\u015faat Sonras\u0131 Temizli\u011fi - Mersin Temizlik \u015eirketleri\" \/>\n<meta property=\"og:description\" content=\"Mersin in\u015faat sonras\u0131 her t\u00fcrl\u00fc daire ofis buro villa tadilat sonras\u0131 havuz mustakil ev zemin cilalama temizli\u011fi\" \/>\n<meta property=\"og:url\" content=\"https:\/\/www.mersintemizlik.com.tr\/?page_id=191\" \/>\n<meta property=\"og:site_name\" content=\"Mersin Temizlik \u015eirketleri\" \/>\n<meta property=\"article:publisher\" content=\"https:\/\/www.facebook.com\/MersinTemizlik\/?locale=tr_TR\" \/>\n<meta property=\"article:modified_time\" content=\"2026-03-21T09:27:07+00:00\" \/>\n<meta property=\"og:image\" content=\"https:\/\/www.mersintemizlik.com.tr\/wp-content\/uploads\/2025\/05\/IMG_2270.png\" \/>\n\t<meta property=\"og:image:width\" content=\"750\" \/>\n\t<meta property=\"og:image:height\" content=\"1624\" \/>\n\t<meta property=\"og:image:type\" content=\"image\/png\" \/>\n<meta name=\"twitter:card\" content=\"summary_large_image\" \/>\n<meta name=\"twitter:label1\" content=\"Tahmini okuma s\u00fcresi\" \/>\n\t<meta name=\"twitter:data1\" content=\"2 dakika\" \/>\n<script type=\"application\/ld+json\" class=\"yoast-schema-graph\">{\"@context\":\"https:\\\/\\\/schema.org\",\"@graph\":[{\"@type\":\"WebPage\",\"@id\":\"https:\\\/\\\/www.mersintemizlik.com.tr\\\/?page_id=191\",\"url\":\"https:\\\/\\\/www.mersintemizlik.com.tr\\\/?page_id=191\",\"name\":\"Mersin in\u015faat Sonras\u0131 Temizli\u011fi - Mersin Temizlik \u015eirketleri\",\"isPartOf\":{\"@id\":\"https:\\\/\\\/www.mersintemizlik.com.tr\\\/#website\"},\"datePublished\":\"2025-05-09T17:15:30+00:00\",\"dateModified\":\"2026-03-21T09:27:07+00:00\",\"description\":\"Mersin in\u015faat sonras\u0131 her t\u00fcrl\u00fc daire ofis buro villa tadilat sonras\u0131 havuz mustakil ev zemin cilalama temizli\u011fi\",\"breadcrumb\":{\"@id\":\"https:\\\/\\\/www.mersintemizlik.com.tr\\\/?page_id=191#breadcrumb\"},\"inLanguage\":\"tr\",\"potentialAction\":[{\"@type\":\"ReadAction\",\"target\":[\"https:\\\/\\\/www.mersintemizlik.com.tr\\\/?page_id=191\"]}]},{\"@type\":\"BreadcrumbList\",\"@id\":\"https:\\\/\\\/www.mersintemizlik.com.tr\\\/?page_id=191#breadcrumb\",\"itemListElement\":[{\"@type\":\"ListItem\",\"position\":1,\"name\":\"Anasayfa\",\"item\":\"https:\\\/\\\/www.mersintemizlik.com.tr\\\/\"},{\"@type\":\"ListItem\",\"position\":2,\"name\":\"Mersin in\u015faat Sonras\u0131 Temizli\u011fi\"}]},{\"@type\":\"WebSite\",\"@id\":\"https:\\\/\\\/www.mersintemizlik.com.tr\\\/#website\",\"url\":\"https:\\\/\\\/www.mersintemizlik.com.tr\\\/\",\"name\":\"Mersin Temizlik \u015eirketleri\",\"description\":\"Mersin Temizlik \u015eirketleri temizlik Uygun Fiyat Kaliteli Hizmet 0532 427 92 26\",\"publisher\":{\"@id\":\"https:\\\/\\\/www.mersintemizlik.com.tr\\\/#organization\"},\"potentialAction\":[{\"@type\":\"SearchAction\",\"target\":{\"@type\":\"EntryPoint\",\"urlTemplate\":\"https:\\\/\\\/www.mersintemizlik.com.tr\\\/?s={search_term_string}\"},\"query-input\":{\"@type\":\"PropertyValueSpecification\",\"valueRequired\":true,\"valueName\":\"search_term_string\"}}],\"inLanguage\":\"tr\"},{\"@type\":\"Organization\",\"@id\":\"https:\\\/\\\/www.mersintemizlik.com.tr\\\/#organization\",\"name\":\"Mersin Temizlik \u015eirketleri\",\"url\":\"https:\\\/\\\/www.mersintemizlik.com.tr\\\/\",\"logo\":{\"@type\":\"ImageObject\",\"inLanguage\":\"tr\",\"@id\":\"https:\\\/\\\/www.mersintemizlik.com.tr\\\/#\\\/schema\\\/logo\\\/image\\\/\",\"url\":\"https:\\\/\\\/www.mersintemizlik.com.tr\\\/wp-content\\\/uploads\\\/2025\\\/05\\\/cropped-IMG_2270.png\",\"contentUrl\":\"https:\\\/\\\/www.mersintemizlik.com.tr\\\/wp-content\\\/uploads\\\/2025\\\/05\\\/cropped-IMG_2270.png\",\"width\":749,\"height\":419,\"caption\":\"Mersin Temizlik \u015eirketleri\"},\"image\":{\"@id\":\"https:\\\/\\\/www.mersintemizlik.com.tr\\\/#\\\/schema\\\/logo\\\/image\\\/\"},\"sameAs\":[\"https:\\\/\\\/www.facebook.com\\\/MersinTemizlik\\\/?locale=tr_TR\"]}]}<\/script>\n<!-- \/ Yoast SEO plugin. -->","yoast_head_json":{"title":"Mersin in\u015faat Sonras\u0131 Temizli\u011fi - Mersin Temizlik \u015eirketleri","description":"Mersin in\u015faat sonras\u0131 her t\u00fcrl\u00fc daire ofis buro villa tadilat sonras\u0131 havuz mustakil ev zemin cilalama temizli\u011fi","robots":{"index":"index","follow":"follow","max-snippet":"max-snippet:-1","max-image-preview":"max-image-preview:large","max-video-preview":"max-video-preview:-1"},"canonical":"https:\/\/www.mersintemizlik.com.tr\/?page_id=191","og_locale":"tr_TR","og_type":"article","og_title":"Mersin in\u015faat Sonras\u0131 Temizli\u011fi - Mersin Temizlik \u015eirketleri","og_description":"Mersin in\u015faat sonras\u0131 her t\u00fcrl\u00fc daire ofis buro villa tadilat sonras\u0131 havuz mustakil ev zemin cilalama temizli\u011fi","og_url":"https:\/\/www.mersintemizlik.com.tr\/?page_id=191","og_site_name":"Mersin Temizlik \u015eirketleri","article_publisher":"https:\/\/www.facebook.com\/MersinTemizlik\/?locale=tr_TR","article_modified_time":"2026-03-21T09:27:07+00:00","og_image":[{"width":750,"height":1624,"url":"https:\/\/www.mersintemizlik.com.tr\/wp-content\/uploads\/2025\/05\/IMG_2270.png","type":"image\/png"}],"twitter_card":"summary_large_image","twitter_misc":{"Tahmini okuma s\u00fcresi":"2 dakika"},"schema":{"@context":"https:\/\/schema.org","@graph":[{"@type":"WebPage","@id":"https:\/\/www.mersintemizlik.com.tr\/?page_id=191","url":"https:\/\/www.mersintemizlik.com.tr\/?page_id=191","name":"Mersin in\u015faat Sonras\u0131 Temizli\u011fi - Mersin Temizlik \u015eirketleri","isPartOf":{"@id":"https:\/\/www.mersintemizlik.com.tr\/#website"},"datePublished":"2025-05-09T17:15:30+00:00","dateModified":"2026-03-21T09:27:07+00:00","description":"Mersin in\u015faat sonras\u0131 her t\u00fcrl\u00fc daire ofis buro villa tadilat sonras\u0131 havuz mustakil ev zemin cilalama temizli\u011fi","breadcrumb":{"@id":"https:\/\/www.mersintemizlik.com.tr\/?page_id=191#breadcrumb"},"inLanguage":"tr","potentialAction":[{"@type":"ReadAction","target":["https:\/\/www.mersintemizlik.com.tr\/?page_id=191"]}]},{"@type":"BreadcrumbList","@id":"https:\/\/www.mersintemizlik.com.tr\/?page_id=191#breadcrumb","itemListElement":[{"@type":"ListItem","position":1,"name":"Anasayfa","item":"https:\/\/www.mersintemizlik.com.tr\/"},{"@type":"ListItem","position":2,"name":"Mersin in\u015faat Sonras\u0131 Temizli\u011fi"}]},{"@type":"WebSite","@id":"https:\/\/www.mersintemizlik.com.tr\/#website","url":"https:\/\/www.mersintemizlik.com.tr\/","name":"Mersin Temizlik \u015eirketleri","description":"Mersin Temizlik \u015eirketleri temizlik Uygun Fiyat Kaliteli Hizmet 0532 427 92 26","publisher":{"@id":"https:\/\/www.mersintemizlik.com.tr\/#organization"},"potentialAction":[{"@type":"SearchAction","target":{"@type":"EntryPoint","urlTemplate":"https:\/\/www.mersintemizlik.com.tr\/?s={search_term_string}"},"query-input":{"@type":"PropertyValueSpecification","valueRequired":true,"valueName":"search_term_string"}}],"inLanguage":"tr"},{"@type":"Organization","@id":"https:\/\/www.mersintemizlik.com.tr\/#organization","name":"Mersin Temizlik \u015eirketleri","url":"https:\/\/www.mersintemizlik.com.tr\/","logo":{"@type":"ImageObject","inLanguage":"tr","@id":"https:\/\/www.mersintemizlik.com.tr\/#\/schema\/logo\/image\/","url":"https:\/\/www.mersintemizlik.com.tr\/wp-content\/uploads\/2025\/05\/cropped-IMG_2270.png","contentUrl":"https:\/\/www.mersintemizlik.com.tr\/wp-content\/uploads\/2025\/05\/cropped-IMG_2270.png","width":749,"height":419,"caption":"Mersin Temizlik \u015eirketleri"},"image":{"@id":"https:\/\/www.mersintemizlik.com.tr\/#\/schema\/logo\/image\/"},"sameAs":["https:\/\/www.facebook.com\/MersinTemizlik\/?locale=tr_TR"]}]}},"_links":{"self":[{"href":"https:\/\/www.mersintemizlik.com.tr\/index.php?rest_route=\/wp\/v2\/pages\/191","targetHints":{"allow":["GET"]}}],"collection":[{"href":"https:\/\/www.mersintemizlik.com.tr\/index.php?rest_route=\/wp\/v2\/pages"}],"about":[{"href":"https:\/\/www.mersintemizlik.com.tr\/index.php?rest_route=\/wp\/v2\/types\/page"}],"author":[{"embeddable":true,"href":"https:\/\/www.mersintemizlik.com.tr\/index.php?rest_route=\/wp\/v2\/users\/1"}],"replies":[{"embeddable":true,"href":"https:\/\/www.mersintemizlik.com.tr\/index.php?rest_route=%2Fwp%2Fv2%2Fcomments&post=191"}],"version-history":[{"count":7,"href":"https:\/\/www.mersintemizlik.com.tr\/index.php?rest_route=\/wp\/v2\/pages\/191\/revisions"}],"predecessor-version":[{"id":344,"href":"https:\/\/www.mersintemizlik.com.tr\/index.php?rest_route=\/wp\/v2\/pages\/191\/revisions\/344"}],"wp:attachment":[{"href":"https:\/\/www.mersintemizlik.com.tr\/index.php?rest_route=%2Fwp%2Fv2%2Fmedia&parent=191"}],"curies":[{"name":"wp","href":"https:\/\/api.w.org\/{rel}","templated":true}]}}