{"id":25,"date":"2025-05-02T20:46:33","date_gmt":"2025-05-02T17:46:33","guid":{"rendered":"https:\/\/www.mersintemizlik.com.tr\/?page_id=25"},"modified":"2026-04-07T10:23:31","modified_gmt":"2026-04-07T07:23:31","slug":"hizmetlerimiz","status":"publish","type":"page","link":"https:\/\/www.mersintemizlik.com.tr\/?page_id=25","title":{"rendered":"Hizmetlerimiz"},"content":{"rendered":"\n<p>Mersin Temizlik \u015eirketleri <\/p>\n\n\n\n<p>Yenilik Kalite ve Hizmet Sunumu A\u00e7\u0131s\u0131ndan Mersinin Temizlik Sekter\u00f6r\u00fcndeki En \u0130yi Firmas\u0131 OlarakTemizlik \u0130le \u0130lgili Her T\u00fcrl\u00fc \u0130htiyaca \u00c7\u00f6z\u00fcm \u00dcreterek Liderli\u011fimizi Devam Ettirmek Bu Sayede M\u00fc\u015fterilerimizin Bayili\u011fimizin ve Profosyoneli\u011fimizin \u00c7al\u0131\u015fmaktan Gurur Duydu\u011fu Bir Kurulu\u015f Olarak Mersin in En Se\u00e7kin \u015eirketleri Aras\u0131nda Yer Almaktay\u0131z<\/p>\n\n\n\n<p>Temizlik Firmalar\u0131 Mezitli Tece Toroslar Akdeniz Yeni\u015fehir Davultepe \u00c7e\u015fmeli Erdemli Tarsus Ve T\u00fcm \u0130l\u00e7elerine Temizlik Hizmetimiz Ger\u00e7ekle\u015fmektedir Her Daim Yan\u0131zda Olan Mersin Temizlik Hizmete Hep Kalite Sunmaktad\u0131r Yapman\u0131z Gereken Tek \u015eey M\u00fc\u015fteri Temsilcimizle \u0130leti\u015fime Ge\u00e7meniz   <\/p>\n","protected":false},"excerpt":{"rendered":"<p>Mersin Temizlik \u015eirketleri Yenilik Kalite ve Hizmet Sunumu A\u00e7\u0131s\u0131ndan Mersinin Temizlik Sekter\u00f6r\u00fcndeki En \u0130yi Firmas\u0131 OlarakTemizlik \u0130le \u0130lgili Her T\u00fcrl\u00fc \u0130htiyaca \u00c7\u00f6z\u00fcm \u00dcreterek Liderli\u011fimizi Devam Ettirmek Bu Sayede M\u00fc\u015fterilerimizin Bayili\u011fimizin ve Profosyoneli\u011fimizin \u00c7al\u0131\u015fmaktan Gurur Duydu\u011fu Bir Kurulu\u015f Olarak Mersin in En Se\u00e7kin \u015eirketleri Aras\u0131nda Yer Almaktay\u0131z Temizlik Firmalar\u0131 Mezitli Tece Toroslar Akdeniz Yeni\u015fehir Davultepe \u00c7e\u015fmeli&#8230;<\/p>\n","protected":false},"author":1,"featured_media":0,"parent":0,"menu_order":0,"comment_status":"closed","ping_status":"closed","template":"","meta":{"_kad_post_transparent":"","_kad_post_title":"","_kad_post_layout":"","_kad_post_sidebar_id":"","_kad_post_content_style":"","_kad_post_vertical_padding":"","_kad_post_feature":"","_kad_post_feature_position":"","_kad_post_header":false,"_kad_post_footer":false,"_kad_post_classname":"","footnotes":""},"class_list":["post-25","page","type-page","status-publish","hentry"],"yoast_head":"<!-- This site is optimized with the Yoast SEO plugin v27.5 - https:\/\/yoast.com\/product\/yoast-seo-wordpress\/ -->\n<title>Hizmetlerimiz - Mersin Temizlik \u015eirketleri<\/title>\n<meta name=\"description\" content=\"Mersin Temizlik \u015eirketleri Ev Ofis \u0130n\u015faat Sonras\u0131 D\u0131\u015f Cephe ve Cam Zemin Parlatma Koltuk Y\u0131kama Villa Temizli\u011fi\" \/>\n<meta name=\"robots\" content=\"index, follow, max-snippet:-1, max-image-preview:large, max-video-preview:-1\" \/>\n<link rel=\"canonical\" href=\"https:\/\/www.mersintemizlik.com.tr\/?page_id=25\" \/>\n<meta property=\"og:locale\" content=\"tr_TR\" \/>\n<meta property=\"og:type\" content=\"article\" \/>\n<meta property=\"og:title\" content=\"Hizmetlerimiz - Mersin Temizlik \u015eirketleri\" \/>\n<meta property=\"og:description\" content=\"Mersin Temizlik \u015eirketleri Ev Ofis \u0130n\u015faat Sonras\u0131 D\u0131\u015f Cephe ve Cam Zemin Parlatma Koltuk Y\u0131kama Villa Temizli\u011fi\" \/>\n<meta property=\"og:url\" content=\"https:\/\/www.mersintemizlik.com.tr\/?page_id=25\" \/>\n<meta property=\"og:site_name\" content=\"Mersin Temizlik \u015eirketleri\" \/>\n<meta property=\"article:publisher\" content=\"https:\/\/www.facebook.com\/MersinTemizlik\/?locale=tr_TR\" \/>\n<meta property=\"article:modified_time\" content=\"2026-04-07T07:23:31+00:00\" \/>\n<meta property=\"og:image\" content=\"https:\/\/www.mersintemizlik.com.tr\/wp-content\/uploads\/2025\/05\/IMG_2270.png\" \/>\n\t<meta property=\"og:image:width\" content=\"750\" \/>\n\t<meta property=\"og:image:height\" content=\"1624\" \/>\n\t<meta property=\"og:image:type\" content=\"image\/png\" \/>\n<meta name=\"twitter:card\" content=\"summary_large_image\" \/>\n<meta name=\"twitter:label1\" content=\"Tahmini okuma s\u00fcresi\" \/>\n\t<meta name=\"twitter:data1\" content=\"1 dakika\" \/>\n<script type=\"application\/ld+json\" class=\"yoast-schema-graph\">{\"@context\":\"https:\\\/\\\/schema.org\",\"@graph\":[{\"@type\":\"WebPage\",\"@id\":\"https:\\\/\\\/www.mersintemizlik.com.tr\\\/?page_id=25\",\"url\":\"https:\\\/\\\/www.mersintemizlik.com.tr\\\/?page_id=25\",\"name\":\"Hizmetlerimiz - Mersin Temizlik \u015eirketleri\",\"isPartOf\":{\"@id\":\"https:\\\/\\\/www.mersintemizlik.com.tr\\\/#website\"},\"datePublished\":\"2025-05-02T17:46:33+00:00\",\"dateModified\":\"2026-04-07T07:23:31+00:00\",\"description\":\"Mersin Temizlik \u015eirketleri Ev Ofis \u0130n\u015faat Sonras\u0131 D\u0131\u015f Cephe ve Cam Zemin Parlatma Koltuk Y\u0131kama Villa Temizli\u011fi\",\"breadcrumb\":{\"@id\":\"https:\\\/\\\/www.mersintemizlik.com.tr\\\/?page_id=25#breadcrumb\"},\"inLanguage\":\"tr\",\"potentialAction\":[{\"@type\":\"ReadAction\",\"target\":[\"https:\\\/\\\/www.mersintemizlik.com.tr\\\/?page_id=25\"]}]},{\"@type\":\"BreadcrumbList\",\"@id\":\"https:\\\/\\\/www.mersintemizlik.com.tr\\\/?page_id=25#breadcrumb\",\"itemListElement\":[{\"@type\":\"ListItem\",\"position\":1,\"name\":\"Anasayfa\",\"item\":\"https:\\\/\\\/www.mersintemizlik.com.tr\\\/\"},{\"@type\":\"ListItem\",\"position\":2,\"name\":\"Hizmetlerimiz\"}]},{\"@type\":\"WebSite\",\"@id\":\"https:\\\/\\\/www.mersintemizlik.com.tr\\\/#website\",\"url\":\"https:\\\/\\\/www.mersintemizlik.com.tr\\\/\",\"name\":\"Mersin Temizlik \u015eirketleri\",\"description\":\"Mersin Temizlik \u015eirketleri temizlik Uygun Fiyat Kaliteli Hizmet 0532 427 92 26\",\"publisher\":{\"@id\":\"https:\\\/\\\/www.mersintemizlik.com.tr\\\/#organization\"},\"potentialAction\":[{\"@type\":\"SearchAction\",\"target\":{\"@type\":\"EntryPoint\",\"urlTemplate\":\"https:\\\/\\\/www.mersintemizlik.com.tr\\\/?s={search_term_string}\"},\"query-input\":{\"@type\":\"PropertyValueSpecification\",\"valueRequired\":true,\"valueName\":\"search_term_string\"}}],\"inLanguage\":\"tr\"},{\"@type\":\"Organization\",\"@id\":\"https:\\\/\\\/www.mersintemizlik.com.tr\\\/#organization\",\"name\":\"Mersin Temizlik \u015eirketleri\",\"url\":\"https:\\\/\\\/www.mersintemizlik.com.tr\\\/\",\"logo\":{\"@type\":\"ImageObject\",\"inLanguage\":\"tr\",\"@id\":\"https:\\\/\\\/www.mersintemizlik.com.tr\\\/#\\\/schema\\\/logo\\\/image\\\/\",\"url\":\"https:\\\/\\\/www.mersintemizlik.com.tr\\\/wp-content\\\/uploads\\\/2025\\\/05\\\/cropped-IMG_2270.png\",\"contentUrl\":\"https:\\\/\\\/www.mersintemizlik.com.tr\\\/wp-content\\\/uploads\\\/2025\\\/05\\\/cropped-IMG_2270.png\",\"width\":749,\"height\":419,\"caption\":\"Mersin Temizlik \u015eirketleri\"},\"image\":{\"@id\":\"https:\\\/\\\/www.mersintemizlik.com.tr\\\/#\\\/schema\\\/logo\\\/image\\\/\"},\"sameAs\":[\"https:\\\/\\\/www.facebook.com\\\/MersinTemizlik\\\/?locale=tr_TR\"]}]}<\/script>\n<!-- \/ Yoast SEO plugin. -->","yoast_head_json":{"title":"Hizmetlerimiz - Mersin Temizlik \u015eirketleri","description":"Mersin Temizlik \u015eirketleri Ev Ofis \u0130n\u015faat Sonras\u0131 D\u0131\u015f Cephe ve Cam Zemin Parlatma Koltuk Y\u0131kama Villa Temizli\u011fi","robots":{"index":"index","follow":"follow","max-snippet":"max-snippet:-1","max-image-preview":"max-image-preview:large","max-video-preview":"max-video-preview:-1"},"canonical":"https:\/\/www.mersintemizlik.com.tr\/?page_id=25","og_locale":"tr_TR","og_type":"article","og_title":"Hizmetlerimiz - Mersin Temizlik \u015eirketleri","og_description":"Mersin Temizlik \u015eirketleri Ev Ofis \u0130n\u015faat Sonras\u0131 D\u0131\u015f Cephe ve Cam Zemin Parlatma Koltuk Y\u0131kama Villa Temizli\u011fi","og_url":"https:\/\/www.mersintemizlik.com.tr\/?page_id=25","og_site_name":"Mersin Temizlik \u015eirketleri","article_publisher":"https:\/\/www.facebook.com\/MersinTemizlik\/?locale=tr_TR","article_modified_time":"2026-04-07T07:23:31+00:00","og_image":[{"width":750,"height":1624,"url":"https:\/\/www.mersintemizlik.com.tr\/wp-content\/uploads\/2025\/05\/IMG_2270.png","type":"image\/png"}],"twitter_card":"summary_large_image","twitter_misc":{"Tahmini okuma s\u00fcresi":"1 dakika"},"schema":{"@context":"https:\/\/schema.org","@graph":[{"@type":"WebPage","@id":"https:\/\/www.mersintemizlik.com.tr\/?page_id=25","url":"https:\/\/www.mersintemizlik.com.tr\/?page_id=25","name":"Hizmetlerimiz - Mersin Temizlik \u015eirketleri","isPartOf":{"@id":"https:\/\/www.mersintemizlik.com.tr\/#website"},"datePublished":"2025-05-02T17:46:33+00:00","dateModified":"2026-04-07T07:23:31+00:00","description":"Mersin Temizlik \u015eirketleri Ev Ofis \u0130n\u015faat Sonras\u0131 D\u0131\u015f Cephe ve Cam Zemin Parlatma Koltuk Y\u0131kama Villa Temizli\u011fi","breadcrumb":{"@id":"https:\/\/www.mersintemizlik.com.tr\/?page_id=25#breadcrumb"},"inLanguage":"tr","potentialAction":[{"@type":"ReadAction","target":["https:\/\/www.mersintemizlik.com.tr\/?page_id=25"]}]},{"@type":"BreadcrumbList","@id":"https:\/\/www.mersintemizlik.com.tr\/?page_id=25#breadcrumb","itemListElement":[{"@type":"ListItem","position":1,"name":"Anasayfa","item":"https:\/\/www.mersintemizlik.com.tr\/"},{"@type":"ListItem","position":2,"name":"Hizmetlerimiz"}]},{"@type":"WebSite","@id":"https:\/\/www.mersintemizlik.com.tr\/#website","url":"https:\/\/www.mersintemizlik.com.tr\/","name":"Mersin Temizlik \u015eirketleri","description":"Mersin Temizlik \u015eirketleri temizlik Uygun Fiyat Kaliteli Hizmet 0532 427 92 26","publisher":{"@id":"https:\/\/www.mersintemizlik.com.tr\/#organization"},"potentialAction":[{"@type":"SearchAction","target":{"@type":"EntryPoint","urlTemplate":"https:\/\/www.mersintemizlik.com.tr\/?s={search_term_string}"},"query-input":{"@type":"PropertyValueSpecification","valueRequired":true,"valueName":"search_term_string"}}],"inLanguage":"tr"},{"@type":"Organization","@id":"https:\/\/www.mersintemizlik.com.tr\/#organization","name":"Mersin Temizlik \u015eirketleri","url":"https:\/\/www.mersintemizlik.com.tr\/","logo":{"@type":"ImageObject","inLanguage":"tr","@id":"https:\/\/www.mersintemizlik.com.tr\/#\/schema\/logo\/image\/","url":"https:\/\/www.mersintemizlik.com.tr\/wp-content\/uploads\/2025\/05\/cropped-IMG_2270.png","contentUrl":"https:\/\/www.mersintemizlik.com.tr\/wp-content\/uploads\/2025\/05\/cropped-IMG_2270.png","width":749,"height":419,"caption":"Mersin Temizlik \u015eirketleri"},"image":{"@id":"https:\/\/www.mersintemizlik.com.tr\/#\/schema\/logo\/image\/"},"sameAs":["https:\/\/www.facebook.com\/MersinTemizlik\/?locale=tr_TR"]}]}},"_links":{"self":[{"href":"https:\/\/www.mersintemizlik.com.tr\/index.php?rest_route=\/wp\/v2\/pages\/25","targetHints":{"allow":["GET"]}}],"collection":[{"href":"https:\/\/www.mersintemizlik.com.tr\/index.php?rest_route=\/wp\/v2\/pages"}],"about":[{"href":"https:\/\/www.mersintemizlik.com.tr\/index.php?rest_route=\/wp\/v2\/types\/page"}],"author":[{"embeddable":true,"href":"https:\/\/www.mersintemizlik.com.tr\/index.php?rest_route=\/wp\/v2\/users\/1"}],"replies":[{"embeddable":true,"href":"https:\/\/www.mersintemizlik.com.tr\/index.php?rest_route=%2Fwp%2Fv2%2Fcomments&post=25"}],"version-history":[{"count":5,"href":"https:\/\/www.mersintemizlik.com.tr\/index.php?rest_route=\/wp\/v2\/pages\/25\/revisions"}],"predecessor-version":[{"id":481,"href":"https:\/\/www.mersintemizlik.com.tr\/index.php?rest_route=\/wp\/v2\/pages\/25\/revisions\/481"}],"wp:attachment":[{"href":"https:\/\/www.mersintemizlik.com.tr\/index.php?rest_route=%2Fwp%2Fv2%2Fmedia&parent=25"}],"curies":[{"name":"wp","href":"https:\/\/api.w.org\/{rel}","templated":true}]}}