{"id":318,"date":"2026-02-28T22:20:49","date_gmt":"2026-02-28T19:20:49","guid":{"rendered":"https:\/\/www.mersintemizlik.com.tr\/?page_id=318"},"modified":"2026-03-21T12:19:08","modified_gmt":"2026-03-21T09:19:08","slug":"dis-cephe-cam-temizligi","status":"publish","type":"page","link":"https:\/\/www.mersintemizlik.com.tr\/?page_id=318","title":{"rendered":"D\u0131\u015f Cephe Cam Temizli\u011fi"},"content":{"rendered":"\n<p>Mersin de D\u0131\u015f Cephe Ve Konpozito Temizli\u011fi Yapt\u0131mak \u0130steyen Kurum ve Kurulu\u015flar i\u00e7in Y\u0131llar\u0131n Deneyimine Sahip Olan Mersin Temizlik Y\u00fcksekli\u011fi Nas\u0131l Olursa Olsun Uzman Ekiplerimizle Sizlere Hizmet Vermektedir \u0130\u015flemede Tecr\u00fcbe \u0130steyen Cam Temizli\u011finde Hizmete S\u0131n\u0131r Olmayan Gerek Vin\u00e7 Yard\u0131m\u0131yla Gerek \u0130skele Bi\u00e7iminde Kompozito Temizli\u011finde \u00d6zel Endistiyel Temizlik Maddeleriyle \u00d6zel \u0130\u015flem Uygulamaktay\u0131z Mersin Temizlik <\/p>\n\n\n\n<p>Cam temizleme silme konusunda \u00f6nceli\u011fimiz ke\u015fif olmal\u0131d\u0131r bizimle ileti\u015fime ce\u00e7erek rendevu olu\u015fturabilirsiniz \u00fccretsiz ke\u015fif olu\u015fturabilirsiniz Mersin ve t\u00fcm il\u00e7elerinde hizmet vermekteyiz ula\u015f\u0131lmay\u0131n noktalar\u0131n\u0131zda \u00e7\u00f6z\u00fcm \u00fcretmekteyiz <\/p>\n\n\n\n<p>Profosyonel D\u0131\u015f Cephe Temizli\u011fi Vin\u00e7 Veya Sepet Yard\u0131m\u0131yla Bazen de \u0130skele Kurarak Cam Veya Komzito Temizli\u011fin de \u0130lk G\u00fcnk\u00fc Gibi Ahenkligine Getiriyoruz Kirli Oksitli Camlar\u0131n\u0131z\u0131 \u0130lk G\u00fcnk\u00fc Gibi Temizliyoruz<\/p>\n\n\n\n<p>D\u0131\u015f Cephe Temizlik Hizmetinde Gerek Vin\u00e7 Yard\u0131m\u0131yla Bazen de \u0130skele Olmak \u00dczere Y\u00fcksekli\u011fine G\u00f6re Deyi\u015fen Ekipmanlarla Sunulmakta Olan Alan ve Yer S\u0131n\u0131r\u0131na G\u00f6re Ke\u015fif Yap\u0131larak Hizmeti Sunmaktay\u0131z Temizlik te Damperli Is\u0131 Cam Oksit Lekesi Zor \u00c7\u0131kan U\u011fra\u015f \u0130steyen \u0130\u015flemdir \u0130\u015fte Tam Bu S\u0131rada Mersin Temizlik Devreye Girerek Deneyimini G\u00f6stermektedir Y\u0131llar\u0131n\u0131 Temizli\u011fe Adam\u0131\u015f Firmam\u0131z Temizlik te Her T\u00fcrl\u00fc Siz Deyerli M\u00fc\u015fterilerimizin Yan\u0131nda Olmaktay\u0131z   <\/p>\n\n\n\n<p>Temizlik \u0130\u015fleri G\u00fcn\u00fcm\u00fczde Fabrika Okul Hastane Plaza Avm Merkezleri Art\u0131k Cam ve Kompozito Yap\u0131lmaktad\u0131r Temizli\u011fi Eksiksiz ve Tam Olmal\u0131d\u0131r Bunu Yan\u0131nda Vitrin \u0130\u015f Yerinin Ahenkli\u011fini G\u00f6stermektedir Deneyimimizden Sizler de Faydalanarak Yapt\u0131\u011f\u0131m\u0131z Temizlik Hizmetini Referans Olarak Sunabilirsiniz   <\/p>\n\n\n\n<p>Akdeniz ve T\u00fcm \u0130l\u00e7elerine Hizmete S\u0131n\u0131r Tan\u0131m\u0131yan Mersin Temizlik Olmazsa Olmaz \u0130mkans\u0131zlar\u0131 Ba\u015fararak Tabiki Ge\u00e7mi\u015f Deneyimini Sunarak Hizmete S\u0131n\u0131r Tan\u0131m\u0131yan Firmalar Aras\u0131nda \u00d6nc\u00fcl\u00fc\u011f\u00fcn\u00fc Koruyan Envarterinde Tek Ekipmanlar\u0131nda Son Teknoloji Ekip \u00dcst\u00fcnl\u00fc\u011f\u00fc G\u00fcler Y\u00fczl\u00fc Anl\u0131yan Dinliyen Her T\u00fcrl\u00fc Geli\u015fmi\u015f Hizmet Sa\u011fl\u0131yan \u00c7evreye Duyarl\u0131 Halkla \u0130li\u015fkilerde Devrim \u00c7a\u011flayan \u0130lkelerimizden \u00d6d\u00fcn Vermeyen Sizleri Hep Anlay\u0131\u015fla Kar\u015f\u0131layan \u00c7\u00f6z\u00fcn \u00dcreten  <\/p>\n\n\n\n<p>Mersin de En \u0130yi Temizlik \u015eirketler Katogorisine Giren Firmam\u0131zda Yap\u0131la \u0130\u015fler de Garantili ve \u0130i\u015finin Arkas\u0131nda Durarak De\u011ferimizi Korumaktay\u0131z  Sizlerin Yapmas\u0131 Gereken Tek \u015eey Bizimle Mail Veya Telefonla \u0130leti\u015fime Ge\u00e7erek Randevu Olu\u015fturman\u0131z Hizmete S\u0131n\u0131r Tan\u0131m\u0131yan Mersin Temizlik Hizmetleri 0532 427 92 26<\/p>\n","protected":false},"excerpt":{"rendered":"<p>Mersin de D\u0131\u015f Cephe Ve Konpozito Temizli\u011fi Yapt\u0131mak \u0130steyen Kurum ve Kurulu\u015flar i\u00e7in Y\u0131llar\u0131n Deneyimine Sahip Olan Mersin Temizlik Y\u00fcksekli\u011fi Nas\u0131l Olursa Olsun Uzman Ekiplerimizle Sizlere Hizmet Vermektedir \u0130\u015flemede Tecr\u00fcbe \u0130steyen Cam Temizli\u011finde Hizmete S\u0131n\u0131r Olmayan Gerek Vin\u00e7 Yard\u0131m\u0131yla Gerek \u0130skele Bi\u00e7iminde Kompozito Temizli\u011finde \u00d6zel Endistiyel Temizlik Maddeleriyle \u00d6zel \u0130\u015flem Uygulamaktay\u0131z Mersin Temizlik Cam temizleme&#8230;<\/p>\n","protected":false},"author":1,"featured_media":130,"parent":0,"menu_order":0,"comment_status":"closed","ping_status":"closed","template":"","meta":{"_kad_post_transparent":"","_kad_post_title":"","_kad_post_layout":"","_kad_post_sidebar_id":"","_kad_post_content_style":"","_kad_post_vertical_padding":"","_kad_post_feature":"","_kad_post_feature_position":"","_kad_post_header":false,"_kad_post_footer":false,"_kad_post_classname":"","footnotes":""},"class_list":["post-318","page","type-page","status-publish","has-post-thumbnail","hentry"],"yoast_head":"<!-- This site is optimized with the Yoast SEO plugin v27.5 - https:\/\/yoast.com\/product\/yoast-seo-wordpress\/ -->\n<title>D\u0131\u015f Cephe Cam Temizli\u011fi - Mersin Temizlik \u015eirketleri<\/title>\n<meta name=\"description\" content=\"Mersin de D\u0131\u015f Cephe Ve Konpozito Temizli\u011fi Cam temizleme silme\" \/>\n<meta name=\"robots\" content=\"index, follow, max-snippet:-1, max-image-preview:large, max-video-preview:-1\" \/>\n<link rel=\"canonical\" href=\"https:\/\/www.mersintemizlik.com.tr\/?page_id=318\" \/>\n<meta property=\"og:locale\" content=\"tr_TR\" \/>\n<meta property=\"og:type\" content=\"article\" \/>\n<meta property=\"og:title\" content=\"D\u0131\u015f Cephe Cam Temizli\u011fi - Mersin Temizlik \u015eirketleri\" \/>\n<meta property=\"og:description\" content=\"Mersin de D\u0131\u015f Cephe Ve Konpozito Temizli\u011fi Cam temizleme silme\" \/>\n<meta property=\"og:url\" content=\"https:\/\/www.mersintemizlik.com.tr\/?page_id=318\" \/>\n<meta property=\"og:site_name\" content=\"Mersin Temizlik \u015eirketleri\" \/>\n<meta property=\"article:publisher\" content=\"https:\/\/www.facebook.com\/MersinTemizlik\/?locale=tr_TR\" \/>\n<meta property=\"article:modified_time\" content=\"2026-03-21T09:19:08+00:00\" \/>\n<meta property=\"og:image\" content=\"https:\/\/www.mersintemizlik.com.tr\/wp-content\/uploads\/2025\/05\/2392006f-a0d9-4694-93a0-d71687f6e5e6-512x512-1.jpg\" \/>\n\t<meta property=\"og:image:width\" content=\"512\" \/>\n\t<meta property=\"og:image:height\" content=\"512\" \/>\n\t<meta property=\"og:image:type\" content=\"image\/jpeg\" \/>\n<meta name=\"twitter:card\" content=\"summary_large_image\" \/>\n<meta name=\"twitter:label1\" content=\"Tahmini okuma s\u00fcresi\" \/>\n\t<meta name=\"twitter:data1\" content=\"3 dakika\" \/>\n<script type=\"application\/ld+json\" class=\"yoast-schema-graph\">{\"@context\":\"https:\\\/\\\/schema.org\",\"@graph\":[{\"@type\":\"WebPage\",\"@id\":\"https:\\\/\\\/www.mersintemizlik.com.tr\\\/?page_id=318\",\"url\":\"https:\\\/\\\/www.mersintemizlik.com.tr\\\/?page_id=318\",\"name\":\"D\u0131\u015f Cephe Cam Temizli\u011fi - Mersin Temizlik \u015eirketleri\",\"isPartOf\":{\"@id\":\"https:\\\/\\\/www.mersintemizlik.com.tr\\\/#website\"},\"primaryImageOfPage\":{\"@id\":\"https:\\\/\\\/www.mersintemizlik.com.tr\\\/?page_id=318#primaryimage\"},\"image\":{\"@id\":\"https:\\\/\\\/www.mersintemizlik.com.tr\\\/?page_id=318#primaryimage\"},\"thumbnailUrl\":\"https:\\\/\\\/www.mersintemizlik.com.tr\\\/wp-content\\\/uploads\\\/2025\\\/05\\\/2392006f-a0d9-4694-93a0-d71687f6e5e6-512x512-1.jpg\",\"datePublished\":\"2026-02-28T19:20:49+00:00\",\"dateModified\":\"2026-03-21T09:19:08+00:00\",\"description\":\"Mersin de D\u0131\u015f Cephe Ve Konpozito Temizli\u011fi Cam temizleme silme\",\"breadcrumb\":{\"@id\":\"https:\\\/\\\/www.mersintemizlik.com.tr\\\/?page_id=318#breadcrumb\"},\"inLanguage\":\"tr\",\"potentialAction\":[{\"@type\":\"ReadAction\",\"target\":[\"https:\\\/\\\/www.mersintemizlik.com.tr\\\/?page_id=318\"]}]},{\"@type\":\"ImageObject\",\"inLanguage\":\"tr\",\"@id\":\"https:\\\/\\\/www.mersintemizlik.com.tr\\\/?page_id=318#primaryimage\",\"url\":\"https:\\\/\\\/www.mersintemizlik.com.tr\\\/wp-content\\\/uploads\\\/2025\\\/05\\\/2392006f-a0d9-4694-93a0-d71687f6e5e6-512x512-1.jpg\",\"contentUrl\":\"https:\\\/\\\/www.mersintemizlik.com.tr\\\/wp-content\\\/uploads\\\/2025\\\/05\\\/2392006f-a0d9-4694-93a0-d71687f6e5e6-512x512-1.jpg\",\"width\":512,\"height\":512,\"caption\":\"D\u0131\u015f Cephe Cam Temizli\u011fi\"},{\"@type\":\"BreadcrumbList\",\"@id\":\"https:\\\/\\\/www.mersintemizlik.com.tr\\\/?page_id=318#breadcrumb\",\"itemListElement\":[{\"@type\":\"ListItem\",\"position\":1,\"name\":\"Anasayfa\",\"item\":\"https:\\\/\\\/www.mersintemizlik.com.tr\\\/\"},{\"@type\":\"ListItem\",\"position\":2,\"name\":\"D\u0131\u015f Cephe Cam Temizli\u011fi\"}]},{\"@type\":\"WebSite\",\"@id\":\"https:\\\/\\\/www.mersintemizlik.com.tr\\\/#website\",\"url\":\"https:\\\/\\\/www.mersintemizlik.com.tr\\\/\",\"name\":\"Mersin Temizlik \u015eirketleri\",\"description\":\"Mersin Temizlik \u015eirketleri temizlik Uygun Fiyat Kaliteli Hizmet 0532 427 92 26\",\"publisher\":{\"@id\":\"https:\\\/\\\/www.mersintemizlik.com.tr\\\/#organization\"},\"potentialAction\":[{\"@type\":\"SearchAction\",\"target\":{\"@type\":\"EntryPoint\",\"urlTemplate\":\"https:\\\/\\\/www.mersintemizlik.com.tr\\\/?s={search_term_string}\"},\"query-input\":{\"@type\":\"PropertyValueSpecification\",\"valueRequired\":true,\"valueName\":\"search_term_string\"}}],\"inLanguage\":\"tr\"},{\"@type\":\"Organization\",\"@id\":\"https:\\\/\\\/www.mersintemizlik.com.tr\\\/#organization\",\"name\":\"Mersin Temizlik \u015eirketleri\",\"url\":\"https:\\\/\\\/www.mersintemizlik.com.tr\\\/\",\"logo\":{\"@type\":\"ImageObject\",\"inLanguage\":\"tr\",\"@id\":\"https:\\\/\\\/www.mersintemizlik.com.tr\\\/#\\\/schema\\\/logo\\\/image\\\/\",\"url\":\"https:\\\/\\\/www.mersintemizlik.com.tr\\\/wp-content\\\/uploads\\\/2025\\\/05\\\/cropped-IMG_2270.png\",\"contentUrl\":\"https:\\\/\\\/www.mersintemizlik.com.tr\\\/wp-content\\\/uploads\\\/2025\\\/05\\\/cropped-IMG_2270.png\",\"width\":749,\"height\":419,\"caption\":\"Mersin Temizlik \u015eirketleri\"},\"image\":{\"@id\":\"https:\\\/\\\/www.mersintemizlik.com.tr\\\/#\\\/schema\\\/logo\\\/image\\\/\"},\"sameAs\":[\"https:\\\/\\\/www.facebook.com\\\/MersinTemizlik\\\/?locale=tr_TR\"]}]}<\/script>\n<!-- \/ Yoast SEO plugin. -->","yoast_head_json":{"title":"D\u0131\u015f Cephe Cam Temizli\u011fi - Mersin Temizlik \u015eirketleri","description":"Mersin de D\u0131\u015f Cephe Ve Konpozito Temizli\u011fi Cam temizleme silme","robots":{"index":"index","follow":"follow","max-snippet":"max-snippet:-1","max-image-preview":"max-image-preview:large","max-video-preview":"max-video-preview:-1"},"canonical":"https:\/\/www.mersintemizlik.com.tr\/?page_id=318","og_locale":"tr_TR","og_type":"article","og_title":"D\u0131\u015f Cephe Cam Temizli\u011fi - Mersin Temizlik \u015eirketleri","og_description":"Mersin de D\u0131\u015f Cephe Ve Konpozito Temizli\u011fi Cam temizleme silme","og_url":"https:\/\/www.mersintemizlik.com.tr\/?page_id=318","og_site_name":"Mersin Temizlik \u015eirketleri","article_publisher":"https:\/\/www.facebook.com\/MersinTemizlik\/?locale=tr_TR","article_modified_time":"2026-03-21T09:19:08+00:00","og_image":[{"width":512,"height":512,"url":"https:\/\/www.mersintemizlik.com.tr\/wp-content\/uploads\/2025\/05\/2392006f-a0d9-4694-93a0-d71687f6e5e6-512x512-1.jpg","type":"image\/jpeg"}],"twitter_card":"summary_large_image","twitter_misc":{"Tahmini okuma s\u00fcresi":"3 dakika"},"schema":{"@context":"https:\/\/schema.org","@graph":[{"@type":"WebPage","@id":"https:\/\/www.mersintemizlik.com.tr\/?page_id=318","url":"https:\/\/www.mersintemizlik.com.tr\/?page_id=318","name":"D\u0131\u015f Cephe Cam Temizli\u011fi - Mersin Temizlik \u015eirketleri","isPartOf":{"@id":"https:\/\/www.mersintemizlik.com.tr\/#website"},"primaryImageOfPage":{"@id":"https:\/\/www.mersintemizlik.com.tr\/?page_id=318#primaryimage"},"image":{"@id":"https:\/\/www.mersintemizlik.com.tr\/?page_id=318#primaryimage"},"thumbnailUrl":"https:\/\/www.mersintemizlik.com.tr\/wp-content\/uploads\/2025\/05\/2392006f-a0d9-4694-93a0-d71687f6e5e6-512x512-1.jpg","datePublished":"2026-02-28T19:20:49+00:00","dateModified":"2026-03-21T09:19:08+00:00","description":"Mersin de D\u0131\u015f Cephe Ve Konpozito Temizli\u011fi Cam temizleme silme","breadcrumb":{"@id":"https:\/\/www.mersintemizlik.com.tr\/?page_id=318#breadcrumb"},"inLanguage":"tr","potentialAction":[{"@type":"ReadAction","target":["https:\/\/www.mersintemizlik.com.tr\/?page_id=318"]}]},{"@type":"ImageObject","inLanguage":"tr","@id":"https:\/\/www.mersintemizlik.com.tr\/?page_id=318#primaryimage","url":"https:\/\/www.mersintemizlik.com.tr\/wp-content\/uploads\/2025\/05\/2392006f-a0d9-4694-93a0-d71687f6e5e6-512x512-1.jpg","contentUrl":"https:\/\/www.mersintemizlik.com.tr\/wp-content\/uploads\/2025\/05\/2392006f-a0d9-4694-93a0-d71687f6e5e6-512x512-1.jpg","width":512,"height":512,"caption":"D\u0131\u015f Cephe Cam Temizli\u011fi"},{"@type":"BreadcrumbList","@id":"https:\/\/www.mersintemizlik.com.tr\/?page_id=318#breadcrumb","itemListElement":[{"@type":"ListItem","position":1,"name":"Anasayfa","item":"https:\/\/www.mersintemizlik.com.tr\/"},{"@type":"ListItem","position":2,"name":"D\u0131\u015f Cephe Cam Temizli\u011fi"}]},{"@type":"WebSite","@id":"https:\/\/www.mersintemizlik.com.tr\/#website","url":"https:\/\/www.mersintemizlik.com.tr\/","name":"Mersin Temizlik \u015eirketleri","description":"Mersin Temizlik \u015eirketleri temizlik Uygun Fiyat Kaliteli Hizmet 0532 427 92 26","publisher":{"@id":"https:\/\/www.mersintemizlik.com.tr\/#organization"},"potentialAction":[{"@type":"SearchAction","target":{"@type":"EntryPoint","urlTemplate":"https:\/\/www.mersintemizlik.com.tr\/?s={search_term_string}"},"query-input":{"@type":"PropertyValueSpecification","valueRequired":true,"valueName":"search_term_string"}}],"inLanguage":"tr"},{"@type":"Organization","@id":"https:\/\/www.mersintemizlik.com.tr\/#organization","name":"Mersin Temizlik \u015eirketleri","url":"https:\/\/www.mersintemizlik.com.tr\/","logo":{"@type":"ImageObject","inLanguage":"tr","@id":"https:\/\/www.mersintemizlik.com.tr\/#\/schema\/logo\/image\/","url":"https:\/\/www.mersintemizlik.com.tr\/wp-content\/uploads\/2025\/05\/cropped-IMG_2270.png","contentUrl":"https:\/\/www.mersintemizlik.com.tr\/wp-content\/uploads\/2025\/05\/cropped-IMG_2270.png","width":749,"height":419,"caption":"Mersin Temizlik \u015eirketleri"},"image":{"@id":"https:\/\/www.mersintemizlik.com.tr\/#\/schema\/logo\/image\/"},"sameAs":["https:\/\/www.facebook.com\/MersinTemizlik\/?locale=tr_TR"]}]}},"_links":{"self":[{"href":"https:\/\/www.mersintemizlik.com.tr\/index.php?rest_route=\/wp\/v2\/pages\/318","targetHints":{"allow":["GET"]}}],"collection":[{"href":"https:\/\/www.mersintemizlik.com.tr\/index.php?rest_route=\/wp\/v2\/pages"}],"about":[{"href":"https:\/\/www.mersintemizlik.com.tr\/index.php?rest_route=\/wp\/v2\/types\/page"}],"author":[{"embeddable":true,"href":"https:\/\/www.mersintemizlik.com.tr\/index.php?rest_route=\/wp\/v2\/users\/1"}],"replies":[{"embeddable":true,"href":"https:\/\/www.mersintemizlik.com.tr\/index.php?rest_route=%2Fwp%2Fv2%2Fcomments&post=318"}],"version-history":[{"count":10,"href":"https:\/\/www.mersintemizlik.com.tr\/index.php?rest_route=\/wp\/v2\/pages\/318\/revisions"}],"predecessor-version":[{"id":441,"href":"https:\/\/www.mersintemizlik.com.tr\/index.php?rest_route=\/wp\/v2\/pages\/318\/revisions\/441"}],"wp:featuredmedia":[{"embeddable":true,"href":"https:\/\/www.mersintemizlik.com.tr\/index.php?rest_route=\/wp\/v2\/media\/130"}],"wp:attachment":[{"href":"https:\/\/www.mersintemizlik.com.tr\/index.php?rest_route=%2Fwp%2Fv2%2Fmedia&parent=318"}],"curies":[{"name":"wp","href":"https:\/\/api.w.org\/{rel}","templated":true}]}}