{"id":333,"date":"2026-01-18T15:27:00","date_gmt":"2026-01-18T12:27:00","guid":{"rendered":"https:\/\/www.mersintemizlik.com.tr\/?page_id=333"},"modified":"2026-02-22T10:45:59","modified_gmt":"2026-02-22T07:45:59","slug":"koltuk-yikama","status":"publish","type":"page","link":"https:\/\/www.mersintemizlik.com.tr\/?page_id=333","title":{"rendered":"Koltuk Y\u0131kama"},"content":{"rendered":"\n<p>Mersin Temizlik te Koltuk Y\u0131katmak Bir Ayr\u0131cal\u0131k Koltuklar\u0131n\u0131z\u0131 \u0130lk G\u00fcnk\u00fc Gibi Y\u0131k\u0131yoruz <\/p>\n\n\n\n<p>Her T\u00fcrl\u00fc Koltuk \u00c7ekyat L grurubu Berjel Yatak Battaniye Yorgan Stor Perde Hijyenik Ortamda Endistiriyel Son Teknoloji Ekipmanlarla G\u00fclery\u00fczl\u00fc Tecr\u00fcbeli Ekipimizle Hizmete S\u0131n\u0131r Tan\u0131m\u0131yan Yerinde Y\u0131kama Hizmeti Vermekteyiz \u00c7ay Lekesi Kahve Lekesi Yemek Lekesi D\u00f6k\u00fcl\u00fcnce Hi\u00e7 \u00dcz\u00fclmenize Gerek Yok Bunun \u0130\u00e7in Mersin Temizlik Her Zaman Yan\u0131zda Yapman\u0131z Gereken Tek \u015eey Rendevu Olu\u015fturarak Her Zaman Yan\u0131zday\u0131z <\/p>\n","protected":false},"excerpt":{"rendered":"<p>Mersin Temizlik te Koltuk Y\u0131katmak Bir Ayr\u0131cal\u0131k Koltuklar\u0131n\u0131z\u0131 \u0130lk G\u00fcnk\u00fc Gibi Y\u0131k\u0131yoruz Her T\u00fcrl\u00fc Koltuk \u00c7ekyat L grurubu Berjel Yatak Battaniye Yorgan Stor Perde Hijyenik Ortamda Endistiriyel Son Teknoloji Ekipmanlarla G\u00fclery\u00fczl\u00fc Tecr\u00fcbeli Ekipimizle Hizmete S\u0131n\u0131r Tan\u0131m\u0131yan Yerinde Y\u0131kama Hizmeti Vermekteyiz \u00c7ay Lekesi Kahve Lekesi Yemek Lekesi D\u00f6k\u00fcl\u00fcnce Hi\u00e7 \u00dcz\u00fclmenize Gerek Yok Bunun \u0130\u00e7in Mersin Temizlik&#8230;<\/p>\n","protected":false},"author":1,"featured_media":0,"parent":0,"menu_order":0,"comment_status":"closed","ping_status":"closed","template":"","meta":{"_kad_post_transparent":"","_kad_post_title":"","_kad_post_layout":"","_kad_post_sidebar_id":"","_kad_post_content_style":"","_kad_post_vertical_padding":"","_kad_post_feature":"","_kad_post_feature_position":"","_kad_post_header":false,"_kad_post_footer":false,"_kad_post_classname":"","footnotes":""},"class_list":["post-333","page","type-page","status-publish","hentry"],"yoast_head":"<!-- This site is optimized with the Yoast SEO plugin v27.5 - https:\/\/yoast.com\/product\/yoast-seo-wordpress\/ -->\n<title>Koltuk Y\u0131kama - Mersin Temizlik \u015eirketleri<\/title>\n<meta name=\"robots\" content=\"index, follow, max-snippet:-1, max-image-preview:large, max-video-preview:-1\" \/>\n<link rel=\"canonical\" href=\"https:\/\/www.mersintemizlik.com.tr\/?page_id=333\" \/>\n<meta property=\"og:locale\" content=\"tr_TR\" \/>\n<meta property=\"og:type\" content=\"article\" \/>\n<meta property=\"og:title\" content=\"Koltuk Y\u0131kama - Mersin Temizlik \u015eirketleri\" \/>\n<meta property=\"og:description\" content=\"Mersin Temizlik te Koltuk Y\u0131katmak Bir Ayr\u0131cal\u0131k Koltuklar\u0131n\u0131z\u0131 \u0130lk G\u00fcnk\u00fc Gibi Y\u0131k\u0131yoruz Her T\u00fcrl\u00fc Koltuk \u00c7ekyat L grurubu Berjel Yatak Battaniye Yorgan Stor Perde Hijyenik Ortamda Endistiriyel Son Teknoloji Ekipmanlarla G\u00fclery\u00fczl\u00fc Tecr\u00fcbeli Ekipimizle Hizmete S\u0131n\u0131r Tan\u0131m\u0131yan Yerinde Y\u0131kama Hizmeti Vermekteyiz \u00c7ay Lekesi Kahve Lekesi Yemek Lekesi D\u00f6k\u00fcl\u00fcnce Hi\u00e7 \u00dcz\u00fclmenize Gerek Yok Bunun \u0130\u00e7in Mersin Temizlik...\" \/>\n<meta property=\"og:url\" content=\"https:\/\/www.mersintemizlik.com.tr\/?page_id=333\" \/>\n<meta property=\"og:site_name\" content=\"Mersin Temizlik \u015eirketleri\" \/>\n<meta property=\"article:publisher\" content=\"https:\/\/www.facebook.com\/MersinTemizlik\/?locale=tr_TR\" \/>\n<meta property=\"article:modified_time\" content=\"2026-02-22T07:45:59+00:00\" \/>\n<meta property=\"og:image\" content=\"https:\/\/www.mersintemizlik.com.tr\/wp-content\/uploads\/2025\/05\/IMG_2270.png\" \/>\n\t<meta property=\"og:image:width\" content=\"750\" \/>\n\t<meta property=\"og:image:height\" content=\"1624\" \/>\n\t<meta property=\"og:image:type\" content=\"image\/png\" \/>\n<meta name=\"twitter:card\" content=\"summary_large_image\" \/>\n<meta name=\"twitter:label1\" content=\"Tahmini okuma s\u00fcresi\" \/>\n\t<meta name=\"twitter:data1\" content=\"1 dakika\" \/>\n<script type=\"application\/ld+json\" class=\"yoast-schema-graph\">{\"@context\":\"https:\\\/\\\/schema.org\",\"@graph\":[{\"@type\":\"WebPage\",\"@id\":\"https:\\\/\\\/www.mersintemizlik.com.tr\\\/?page_id=333\",\"url\":\"https:\\\/\\\/www.mersintemizlik.com.tr\\\/?page_id=333\",\"name\":\"Koltuk Y\u0131kama - Mersin Temizlik \u015eirketleri\",\"isPartOf\":{\"@id\":\"https:\\\/\\\/www.mersintemizlik.com.tr\\\/#website\"},\"datePublished\":\"2026-01-18T12:27:00+00:00\",\"dateModified\":\"2026-02-22T07:45:59+00:00\",\"breadcrumb\":{\"@id\":\"https:\\\/\\\/www.mersintemizlik.com.tr\\\/?page_id=333#breadcrumb\"},\"inLanguage\":\"tr\",\"potentialAction\":[{\"@type\":\"ReadAction\",\"target\":[\"https:\\\/\\\/www.mersintemizlik.com.tr\\\/?page_id=333\"]}]},{\"@type\":\"BreadcrumbList\",\"@id\":\"https:\\\/\\\/www.mersintemizlik.com.tr\\\/?page_id=333#breadcrumb\",\"itemListElement\":[{\"@type\":\"ListItem\",\"position\":1,\"name\":\"Anasayfa\",\"item\":\"https:\\\/\\\/www.mersintemizlik.com.tr\\\/\"},{\"@type\":\"ListItem\",\"position\":2,\"name\":\"Koltuk Y\u0131kama\"}]},{\"@type\":\"WebSite\",\"@id\":\"https:\\\/\\\/www.mersintemizlik.com.tr\\\/#website\",\"url\":\"https:\\\/\\\/www.mersintemizlik.com.tr\\\/\",\"name\":\"Mersin Temizlik \u015eirketleri\",\"description\":\"Mersin Temizlik \u015eirketleri temizlik Uygun Fiyat Kaliteli Hizmet 0532 427 92 26\",\"publisher\":{\"@id\":\"https:\\\/\\\/www.mersintemizlik.com.tr\\\/#organization\"},\"potentialAction\":[{\"@type\":\"SearchAction\",\"target\":{\"@type\":\"EntryPoint\",\"urlTemplate\":\"https:\\\/\\\/www.mersintemizlik.com.tr\\\/?s={search_term_string}\"},\"query-input\":{\"@type\":\"PropertyValueSpecification\",\"valueRequired\":true,\"valueName\":\"search_term_string\"}}],\"inLanguage\":\"tr\"},{\"@type\":\"Organization\",\"@id\":\"https:\\\/\\\/www.mersintemizlik.com.tr\\\/#organization\",\"name\":\"Mersin Temizlik \u015eirketleri\",\"url\":\"https:\\\/\\\/www.mersintemizlik.com.tr\\\/\",\"logo\":{\"@type\":\"ImageObject\",\"inLanguage\":\"tr\",\"@id\":\"https:\\\/\\\/www.mersintemizlik.com.tr\\\/#\\\/schema\\\/logo\\\/image\\\/\",\"url\":\"https:\\\/\\\/www.mersintemizlik.com.tr\\\/wp-content\\\/uploads\\\/2025\\\/05\\\/cropped-IMG_2270.png\",\"contentUrl\":\"https:\\\/\\\/www.mersintemizlik.com.tr\\\/wp-content\\\/uploads\\\/2025\\\/05\\\/cropped-IMG_2270.png\",\"width\":749,\"height\":419,\"caption\":\"Mersin Temizlik \u015eirketleri\"},\"image\":{\"@id\":\"https:\\\/\\\/www.mersintemizlik.com.tr\\\/#\\\/schema\\\/logo\\\/image\\\/\"},\"sameAs\":[\"https:\\\/\\\/www.facebook.com\\\/MersinTemizlik\\\/?locale=tr_TR\"]}]}<\/script>\n<!-- \/ Yoast SEO plugin. -->","yoast_head_json":{"title":"Koltuk Y\u0131kama - Mersin Temizlik \u015eirketleri","robots":{"index":"index","follow":"follow","max-snippet":"max-snippet:-1","max-image-preview":"max-image-preview:large","max-video-preview":"max-video-preview:-1"},"canonical":"https:\/\/www.mersintemizlik.com.tr\/?page_id=333","og_locale":"tr_TR","og_type":"article","og_title":"Koltuk Y\u0131kama - Mersin Temizlik \u015eirketleri","og_description":"Mersin Temizlik te Koltuk Y\u0131katmak Bir Ayr\u0131cal\u0131k Koltuklar\u0131n\u0131z\u0131 \u0130lk G\u00fcnk\u00fc Gibi Y\u0131k\u0131yoruz Her T\u00fcrl\u00fc Koltuk \u00c7ekyat L grurubu Berjel Yatak Battaniye Yorgan Stor Perde Hijyenik Ortamda Endistiriyel Son Teknoloji Ekipmanlarla G\u00fclery\u00fczl\u00fc Tecr\u00fcbeli Ekipimizle Hizmete S\u0131n\u0131r Tan\u0131m\u0131yan Yerinde Y\u0131kama Hizmeti Vermekteyiz \u00c7ay Lekesi Kahve Lekesi Yemek Lekesi D\u00f6k\u00fcl\u00fcnce Hi\u00e7 \u00dcz\u00fclmenize Gerek Yok Bunun \u0130\u00e7in Mersin Temizlik...","og_url":"https:\/\/www.mersintemizlik.com.tr\/?page_id=333","og_site_name":"Mersin Temizlik \u015eirketleri","article_publisher":"https:\/\/www.facebook.com\/MersinTemizlik\/?locale=tr_TR","article_modified_time":"2026-02-22T07:45:59+00:00","og_image":[{"width":750,"height":1624,"url":"https:\/\/www.mersintemizlik.com.tr\/wp-content\/uploads\/2025\/05\/IMG_2270.png","type":"image\/png"}],"twitter_card":"summary_large_image","twitter_misc":{"Tahmini okuma s\u00fcresi":"1 dakika"},"schema":{"@context":"https:\/\/schema.org","@graph":[{"@type":"WebPage","@id":"https:\/\/www.mersintemizlik.com.tr\/?page_id=333","url":"https:\/\/www.mersintemizlik.com.tr\/?page_id=333","name":"Koltuk Y\u0131kama - Mersin Temizlik \u015eirketleri","isPartOf":{"@id":"https:\/\/www.mersintemizlik.com.tr\/#website"},"datePublished":"2026-01-18T12:27:00+00:00","dateModified":"2026-02-22T07:45:59+00:00","breadcrumb":{"@id":"https:\/\/www.mersintemizlik.com.tr\/?page_id=333#breadcrumb"},"inLanguage":"tr","potentialAction":[{"@type":"ReadAction","target":["https:\/\/www.mersintemizlik.com.tr\/?page_id=333"]}]},{"@type":"BreadcrumbList","@id":"https:\/\/www.mersintemizlik.com.tr\/?page_id=333#breadcrumb","itemListElement":[{"@type":"ListItem","position":1,"name":"Anasayfa","item":"https:\/\/www.mersintemizlik.com.tr\/"},{"@type":"ListItem","position":2,"name":"Koltuk Y\u0131kama"}]},{"@type":"WebSite","@id":"https:\/\/www.mersintemizlik.com.tr\/#website","url":"https:\/\/www.mersintemizlik.com.tr\/","name":"Mersin Temizlik \u015eirketleri","description":"Mersin Temizlik \u015eirketleri temizlik Uygun Fiyat Kaliteli Hizmet 0532 427 92 26","publisher":{"@id":"https:\/\/www.mersintemizlik.com.tr\/#organization"},"potentialAction":[{"@type":"SearchAction","target":{"@type":"EntryPoint","urlTemplate":"https:\/\/www.mersintemizlik.com.tr\/?s={search_term_string}"},"query-input":{"@type":"PropertyValueSpecification","valueRequired":true,"valueName":"search_term_string"}}],"inLanguage":"tr"},{"@type":"Organization","@id":"https:\/\/www.mersintemizlik.com.tr\/#organization","name":"Mersin Temizlik \u015eirketleri","url":"https:\/\/www.mersintemizlik.com.tr\/","logo":{"@type":"ImageObject","inLanguage":"tr","@id":"https:\/\/www.mersintemizlik.com.tr\/#\/schema\/logo\/image\/","url":"https:\/\/www.mersintemizlik.com.tr\/wp-content\/uploads\/2025\/05\/cropped-IMG_2270.png","contentUrl":"https:\/\/www.mersintemizlik.com.tr\/wp-content\/uploads\/2025\/05\/cropped-IMG_2270.png","width":749,"height":419,"caption":"Mersin Temizlik \u015eirketleri"},"image":{"@id":"https:\/\/www.mersintemizlik.com.tr\/#\/schema\/logo\/image\/"},"sameAs":["https:\/\/www.facebook.com\/MersinTemizlik\/?locale=tr_TR"]}]}},"_links":{"self":[{"href":"https:\/\/www.mersintemizlik.com.tr\/index.php?rest_route=\/wp\/v2\/pages\/333","targetHints":{"allow":["GET"]}}],"collection":[{"href":"https:\/\/www.mersintemizlik.com.tr\/index.php?rest_route=\/wp\/v2\/pages"}],"about":[{"href":"https:\/\/www.mersintemizlik.com.tr\/index.php?rest_route=\/wp\/v2\/types\/page"}],"author":[{"embeddable":true,"href":"https:\/\/www.mersintemizlik.com.tr\/index.php?rest_route=\/wp\/v2\/users\/1"}],"replies":[{"embeddable":true,"href":"https:\/\/www.mersintemizlik.com.tr\/index.php?rest_route=%2Fwp%2Fv2%2Fcomments&post=333"}],"version-history":[{"count":3,"href":"https:\/\/www.mersintemizlik.com.tr\/index.php?rest_route=\/wp\/v2\/pages\/333\/revisions"}],"predecessor-version":[{"id":354,"href":"https:\/\/www.mersintemizlik.com.tr\/index.php?rest_route=\/wp\/v2\/pages\/333\/revisions\/354"}],"wp:attachment":[{"href":"https:\/\/www.mersintemizlik.com.tr\/index.php?rest_route=%2Fwp%2Fv2%2Fmedia&parent=333"}],"curies":[{"name":"wp","href":"https:\/\/api.w.org\/{rel}","templated":true}]}}