{"id":345,"date":"2026-02-15T12:08:25","date_gmt":"2026-02-15T09:08:25","guid":{"rendered":"https:\/\/www.mersintemizlik.com.tr\/?page_id=345"},"modified":"2026-03-21T12:25:32","modified_gmt":"2026-03-21T09:25:32","slug":"ofis-ve-buro-temizligi","status":"publish","type":"page","link":"https:\/\/www.mersintemizlik.com.tr\/?page_id=345","title":{"rendered":"Ofis Ve Buro Temizli\u011fi"},"content":{"rendered":"\n<p>Mersin Temizlik \u015eirketleri Var Olan Kurulu\u015f Firmas\u0131 Olarak Siz Deyerli Mersinliler e Temizlik Hizmeti Vermekteyiz<\/p>\n\n\n\n<p>Mersin de Tecr\u00fcbesini Her G\u00fcn Daha \u0130leri D\u00fczeye \u00c7\u0131karan Firmam\u0131z Ofis Temizli\u011finde B\u00fcy\u00fck \u0130das\u0131n\u0131 S\u00fcrd\u00fcrmekteyiz Genelde Ofislerde \u00c7o\u011funluk \u00c7am Temizli\u011fi Fazla Olmakta Gerek Katlan\u0131r Cam Gerek Frans\u0131z Balkonlar da Olu\u015fmaktad\u0131r Temizlik te \u00c7\u00f6z\u00fcm \u0130steyenler \u0130\u00e7in T\u00fcm Mersin ve Akdeniz \u0130l\u00e7elerine Hizmet Vermekteyiz Buro ve Ofis Temizli\u011fi Tecr\u00fcbe \u0130steyen \u0130\u015flemdir Gerek Mutfak Dolab\u0131 \u0130\u00e7leri Dolap \u00dcstleri Yemek Kal\u0131nt\u0131lar\u0131yla \u00c7ok Kar\u015f\u0131la\u015f\u0131yoruz Bunun \u0130\u00e7in \u00d6zel Yap\u0131m End\u00fcstuyel yel \u00dcr\u00fcnlerle \u0130lk G\u00fcnk\u00fc Gibi Temizlenmektedir Masa Sandalye Temizli\u011fi Silerek Do\u011fal Bir Ortam Sa\u011flamaktay\u0131z Ortam Tozlar\u0131n\u0131 Kulan At \u00d6zel Bezlerle Temizlenip Ferah Temizli\u011fi Siz Mersinliler Hak Etmektesiniz Wc Temizli\u011finde \u00c7ok \u00d6nemlidir Gerek Klozet Gerek Alaturka Wc Lerde Hijyenik Olmazsa Olmaz Deri Koltuklar\u0131n\u0131z\u0131 Ger\u00e7ek Temizlik Tan\u0131\u015ft\u0131r\u0131yoruz Zeminlerinize \u00c7ok Dikkatli Ger\u00e7ek Temizli\u011fi Uygulamaktat\u0131z <\/p>\n","protected":false},"excerpt":{"rendered":"<p>Mersin Temizlik \u015eirketleri Var Olan Kurulu\u015f Firmas\u0131 Olarak Siz Deyerli Mersinliler e Temizlik Hizmeti Vermekteyiz Mersin de Tecr\u00fcbesini Her G\u00fcn Daha \u0130leri D\u00fczeye \u00c7\u0131karan Firmam\u0131z Ofis Temizli\u011finde B\u00fcy\u00fck \u0130das\u0131n\u0131 S\u00fcrd\u00fcrmekteyiz Genelde Ofislerde \u00c7o\u011funluk \u00c7am Temizli\u011fi Fazla Olmakta Gerek Katlan\u0131r Cam Gerek Frans\u0131z Balkonlar da Olu\u015fmaktad\u0131r Temizlik te \u00c7\u00f6z\u00fcm \u0130steyenler \u0130\u00e7in T\u00fcm Mersin ve Akdeniz \u0130l\u00e7elerine&#8230;<\/p>\n","protected":false},"author":1,"featured_media":0,"parent":0,"menu_order":0,"comment_status":"closed","ping_status":"closed","template":"","meta":{"_kad_post_transparent":"","_kad_post_title":"","_kad_post_layout":"","_kad_post_sidebar_id":"","_kad_post_content_style":"","_kad_post_vertical_padding":"","_kad_post_feature":"","_kad_post_feature_position":"","_kad_post_header":false,"_kad_post_footer":false,"_kad_post_classname":"","footnotes":""},"class_list":["post-345","page","type-page","status-publish","hentry"],"yoast_head":"<!-- This site is optimized with the Yoast SEO plugin v27.5 - https:\/\/yoast.com\/product\/yoast-seo-wordpress\/ -->\n<title>Ofis Ve Buro Temizli\u011fi - Mersin Temizlik \u015eirketleri<\/title>\n<meta name=\"description\" content=\"Mersin Temizlik \u015eirketleri\" \/>\n<meta name=\"robots\" content=\"index, follow, max-snippet:-1, max-image-preview:large, max-video-preview:-1\" \/>\n<link rel=\"canonical\" href=\"https:\/\/www.mersintemizlik.com.tr\/?page_id=345\" \/>\n<meta property=\"og:locale\" content=\"tr_TR\" \/>\n<meta property=\"og:type\" content=\"article\" \/>\n<meta property=\"og:title\" content=\"Ofis Ve Buro Temizli\u011fi - Mersin Temizlik \u015eirketleri\" \/>\n<meta property=\"og:description\" content=\"Mersin Temizlik \u015eirketleri\" \/>\n<meta property=\"og:url\" content=\"https:\/\/www.mersintemizlik.com.tr\/?page_id=345\" \/>\n<meta property=\"og:site_name\" content=\"Mersin Temizlik \u015eirketleri\" \/>\n<meta property=\"article:publisher\" content=\"https:\/\/www.facebook.com\/MersinTemizlik\/?locale=tr_TR\" \/>\n<meta property=\"article:modified_time\" content=\"2026-03-21T09:25:32+00:00\" \/>\n<meta property=\"og:image\" content=\"https:\/\/www.mersintemizlik.com.tr\/wp-content\/uploads\/2025\/05\/IMG_2270.png\" \/>\n\t<meta property=\"og:image:width\" content=\"750\" \/>\n\t<meta property=\"og:image:height\" content=\"1624\" \/>\n\t<meta property=\"og:image:type\" content=\"image\/png\" \/>\n<meta name=\"twitter:card\" content=\"summary_large_image\" \/>\n<meta name=\"twitter:label1\" content=\"Tahmini okuma s\u00fcresi\" \/>\n\t<meta name=\"twitter:data1\" content=\"1 dakika\" \/>\n<script type=\"application\/ld+json\" class=\"yoast-schema-graph\">{\"@context\":\"https:\\\/\\\/schema.org\",\"@graph\":[{\"@type\":\"WebPage\",\"@id\":\"https:\\\/\\\/www.mersintemizlik.com.tr\\\/?page_id=345\",\"url\":\"https:\\\/\\\/www.mersintemizlik.com.tr\\\/?page_id=345\",\"name\":\"Ofis Ve Buro Temizli\u011fi - Mersin Temizlik \u015eirketleri\",\"isPartOf\":{\"@id\":\"https:\\\/\\\/www.mersintemizlik.com.tr\\\/#website\"},\"datePublished\":\"2026-02-15T09:08:25+00:00\",\"dateModified\":\"2026-03-21T09:25:32+00:00\",\"description\":\"Mersin Temizlik \u015eirketleri\",\"breadcrumb\":{\"@id\":\"https:\\\/\\\/www.mersintemizlik.com.tr\\\/?page_id=345#breadcrumb\"},\"inLanguage\":\"tr\",\"potentialAction\":[{\"@type\":\"ReadAction\",\"target\":[\"https:\\\/\\\/www.mersintemizlik.com.tr\\\/?page_id=345\"]}]},{\"@type\":\"BreadcrumbList\",\"@id\":\"https:\\\/\\\/www.mersintemizlik.com.tr\\\/?page_id=345#breadcrumb\",\"itemListElement\":[{\"@type\":\"ListItem\",\"position\":1,\"name\":\"Anasayfa\",\"item\":\"https:\\\/\\\/www.mersintemizlik.com.tr\\\/\"},{\"@type\":\"ListItem\",\"position\":2,\"name\":\"Ofis Ve Buro Temizli\u011fi\"}]},{\"@type\":\"WebSite\",\"@id\":\"https:\\\/\\\/www.mersintemizlik.com.tr\\\/#website\",\"url\":\"https:\\\/\\\/www.mersintemizlik.com.tr\\\/\",\"name\":\"Mersin Temizlik \u015eirketleri\",\"description\":\"Mersin Temizlik \u015eirketleri temizlik Uygun Fiyat Kaliteli Hizmet 0532 427 92 26\",\"publisher\":{\"@id\":\"https:\\\/\\\/www.mersintemizlik.com.tr\\\/#organization\"},\"potentialAction\":[{\"@type\":\"SearchAction\",\"target\":{\"@type\":\"EntryPoint\",\"urlTemplate\":\"https:\\\/\\\/www.mersintemizlik.com.tr\\\/?s={search_term_string}\"},\"query-input\":{\"@type\":\"PropertyValueSpecification\",\"valueRequired\":true,\"valueName\":\"search_term_string\"}}],\"inLanguage\":\"tr\"},{\"@type\":\"Organization\",\"@id\":\"https:\\\/\\\/www.mersintemizlik.com.tr\\\/#organization\",\"name\":\"Mersin Temizlik \u015eirketleri\",\"url\":\"https:\\\/\\\/www.mersintemizlik.com.tr\\\/\",\"logo\":{\"@type\":\"ImageObject\",\"inLanguage\":\"tr\",\"@id\":\"https:\\\/\\\/www.mersintemizlik.com.tr\\\/#\\\/schema\\\/logo\\\/image\\\/\",\"url\":\"https:\\\/\\\/www.mersintemizlik.com.tr\\\/wp-content\\\/uploads\\\/2025\\\/05\\\/cropped-IMG_2270.png\",\"contentUrl\":\"https:\\\/\\\/www.mersintemizlik.com.tr\\\/wp-content\\\/uploads\\\/2025\\\/05\\\/cropped-IMG_2270.png\",\"width\":749,\"height\":419,\"caption\":\"Mersin Temizlik \u015eirketleri\"},\"image\":{\"@id\":\"https:\\\/\\\/www.mersintemizlik.com.tr\\\/#\\\/schema\\\/logo\\\/image\\\/\"},\"sameAs\":[\"https:\\\/\\\/www.facebook.com\\\/MersinTemizlik\\\/?locale=tr_TR\"]}]}<\/script>\n<!-- \/ Yoast SEO plugin. -->","yoast_head_json":{"title":"Ofis Ve Buro Temizli\u011fi - Mersin Temizlik \u015eirketleri","description":"Mersin Temizlik \u015eirketleri","robots":{"index":"index","follow":"follow","max-snippet":"max-snippet:-1","max-image-preview":"max-image-preview:large","max-video-preview":"max-video-preview:-1"},"canonical":"https:\/\/www.mersintemizlik.com.tr\/?page_id=345","og_locale":"tr_TR","og_type":"article","og_title":"Ofis Ve Buro Temizli\u011fi - Mersin Temizlik \u015eirketleri","og_description":"Mersin Temizlik \u015eirketleri","og_url":"https:\/\/www.mersintemizlik.com.tr\/?page_id=345","og_site_name":"Mersin Temizlik \u015eirketleri","article_publisher":"https:\/\/www.facebook.com\/MersinTemizlik\/?locale=tr_TR","article_modified_time":"2026-03-21T09:25:32+00:00","og_image":[{"width":750,"height":1624,"url":"https:\/\/www.mersintemizlik.com.tr\/wp-content\/uploads\/2025\/05\/IMG_2270.png","type":"image\/png"}],"twitter_card":"summary_large_image","twitter_misc":{"Tahmini okuma s\u00fcresi":"1 dakika"},"schema":{"@context":"https:\/\/schema.org","@graph":[{"@type":"WebPage","@id":"https:\/\/www.mersintemizlik.com.tr\/?page_id=345","url":"https:\/\/www.mersintemizlik.com.tr\/?page_id=345","name":"Ofis Ve Buro Temizli\u011fi - Mersin Temizlik \u015eirketleri","isPartOf":{"@id":"https:\/\/www.mersintemizlik.com.tr\/#website"},"datePublished":"2026-02-15T09:08:25+00:00","dateModified":"2026-03-21T09:25:32+00:00","description":"Mersin Temizlik \u015eirketleri","breadcrumb":{"@id":"https:\/\/www.mersintemizlik.com.tr\/?page_id=345#breadcrumb"},"inLanguage":"tr","potentialAction":[{"@type":"ReadAction","target":["https:\/\/www.mersintemizlik.com.tr\/?page_id=345"]}]},{"@type":"BreadcrumbList","@id":"https:\/\/www.mersintemizlik.com.tr\/?page_id=345#breadcrumb","itemListElement":[{"@type":"ListItem","position":1,"name":"Anasayfa","item":"https:\/\/www.mersintemizlik.com.tr\/"},{"@type":"ListItem","position":2,"name":"Ofis Ve Buro Temizli\u011fi"}]},{"@type":"WebSite","@id":"https:\/\/www.mersintemizlik.com.tr\/#website","url":"https:\/\/www.mersintemizlik.com.tr\/","name":"Mersin Temizlik \u015eirketleri","description":"Mersin Temizlik \u015eirketleri temizlik Uygun Fiyat Kaliteli Hizmet 0532 427 92 26","publisher":{"@id":"https:\/\/www.mersintemizlik.com.tr\/#organization"},"potentialAction":[{"@type":"SearchAction","target":{"@type":"EntryPoint","urlTemplate":"https:\/\/www.mersintemizlik.com.tr\/?s={search_term_string}"},"query-input":{"@type":"PropertyValueSpecification","valueRequired":true,"valueName":"search_term_string"}}],"inLanguage":"tr"},{"@type":"Organization","@id":"https:\/\/www.mersintemizlik.com.tr\/#organization","name":"Mersin Temizlik \u015eirketleri","url":"https:\/\/www.mersintemizlik.com.tr\/","logo":{"@type":"ImageObject","inLanguage":"tr","@id":"https:\/\/www.mersintemizlik.com.tr\/#\/schema\/logo\/image\/","url":"https:\/\/www.mersintemizlik.com.tr\/wp-content\/uploads\/2025\/05\/cropped-IMG_2270.png","contentUrl":"https:\/\/www.mersintemizlik.com.tr\/wp-content\/uploads\/2025\/05\/cropped-IMG_2270.png","width":749,"height":419,"caption":"Mersin Temizlik \u015eirketleri"},"image":{"@id":"https:\/\/www.mersintemizlik.com.tr\/#\/schema\/logo\/image\/"},"sameAs":["https:\/\/www.facebook.com\/MersinTemizlik\/?locale=tr_TR"]}]}},"_links":{"self":[{"href":"https:\/\/www.mersintemizlik.com.tr\/index.php?rest_route=\/wp\/v2\/pages\/345","targetHints":{"allow":["GET"]}}],"collection":[{"href":"https:\/\/www.mersintemizlik.com.tr\/index.php?rest_route=\/wp\/v2\/pages"}],"about":[{"href":"https:\/\/www.mersintemizlik.com.tr\/index.php?rest_route=\/wp\/v2\/types\/page"}],"author":[{"embeddable":true,"href":"https:\/\/www.mersintemizlik.com.tr\/index.php?rest_route=\/wp\/v2\/users\/1"}],"replies":[{"embeddable":true,"href":"https:\/\/www.mersintemizlik.com.tr\/index.php?rest_route=%2Fwp%2Fv2%2Fcomments&post=345"}],"version-history":[{"count":3,"href":"https:\/\/www.mersintemizlik.com.tr\/index.php?rest_route=\/wp\/v2\/pages\/345\/revisions"}],"predecessor-version":[{"id":356,"href":"https:\/\/www.mersintemizlik.com.tr\/index.php?rest_route=\/wp\/v2\/pages\/345\/revisions\/356"}],"wp:attachment":[{"href":"https:\/\/www.mersintemizlik.com.tr\/index.php?rest_route=%2Fwp%2Fv2%2Fmedia&parent=345"}],"curies":[{"name":"wp","href":"https:\/\/api.w.org\/{rel}","templated":true}]}}